{"id":71,"date":"2017-05-17T17:17:25","date_gmt":"2017-05-17T14:17:25","guid":{"rendered":"http:\/\/ssms.web35.neutech.fi\/?page_id=71"},"modified":"2017-05-17T17:26:01","modified_gmt":"2017-05-17T14:26:01","slug":"linkit","status":"publish","type":"page","link":"https:\/\/www.ssms.fi\/?page_id=71","title":{"rendered":"Linkit"},"content":{"rendered":"<p><a href=\"https:\/\/www.jasentieto.fi\/public\/login.aspx?omanseuranid=463\">Mets\u00e4st\u00e4j\u00e4liiton j\u00e4senrekisteri<\/a><\/p>\n<p><a href=\"https:\/\/oma.riista.fi\/#\/login\">Oma Riista<\/a><\/p>\n<p><a href=\"https:\/\/riista.fi\/\">Riistakeskus<\/a><\/p>\n<p><a href=\"http:\/\/www.kennelliitto.fi\/\">Suomen Kennelliitto<\/a><\/p>\n<p><a href=\"http:\/\/www.kennelpiiri.fi\/keski-suomi\">Keski-Suomen Kennelpiiri<\/a><\/p>\n<p><a href=\"https:\/\/jalostus.kennelliitto.fi\/\">Koiranet<\/a><\/p>\n<p><a href=\"http:\/\/www.kskkh.fi\/\">Keski-Suomen kanakoiraharrastajat ry.<\/a><\/p>\n<p><a href=\"http:\/\/www.ajokoirajarjesto.fi\/\">Suomen ajokoiraj\u00e4rjest\u00f6<\/a><\/p>\n<p><a href=\"https:\/\/www.snj.fi\/\">Suomen Noutajakoiraj\u00e4rjest\u00f6 ry<\/a><\/p>\n<p>&nbsp;<\/p>\n","protected":false},"excerpt":{"rendered":"<p>Mets\u00e4st\u00e4j\u00e4liiton j\u00e4senrekisteri Oma Riista Riistakeskus Suomen Kennelliitto Keski-Suomen Kennelpiiri Koiranet Keski-Suomen kanakoiraharrastajat ry. Suomen ajokoiraj\u00e4rjest\u00f6 Suomen Noutajakoiraj\u00e4rjest\u00f6 ry &nbsp;<\/p>\n","protected":false},"author":1,"featured_media":0,"parent":0,"menu_order":0,"comment_status":"closed","ping_status":"closed","template":"","meta":{"_monsterinsights_skip_tracking":false,"_monsterinsights_sitenote_active":false,"_monsterinsights_sitenote_note":"","_monsterinsights_sitenote_category":0,"footnotes":""},"class_list":["post-71","page","type-page","status-publish","hentry"],"_links":{"self":[{"href":"https:\/\/www.ssms.fi\/index.php?rest_route=\/wp\/v2\/pages\/71","targetHints":{"allow":["GET"]}}],"collection":[{"href":"https:\/\/www.ssms.fi\/index.php?rest_route=\/wp\/v2\/pages"}],"about":[{"href":"https:\/\/www.ssms.fi\/index.php?rest_route=\/wp\/v2\/types\/page"}],"author":[{"embeddable":true,"href":"https:\/\/www.ssms.fi\/index.php?rest_route=\/wp\/v2\/users\/1"}],"replies":[{"embeddable":true,"href":"https:\/\/www.ssms.fi\/index.php?rest_route=%2Fwp%2Fv2%2Fcomments&post=71"}],"version-history":[{"count":4,"href":"https:\/\/www.ssms.fi\/index.php?rest_route=\/wp\/v2\/pages\/71\/revisions"}],"predecessor-version":[{"id":76,"href":"https:\/\/www.ssms.fi\/index.php?rest_route=\/wp\/v2\/pages\/71\/revisions\/76"}],"wp:attachment":[{"href":"https:\/\/www.ssms.fi\/index.php?rest_route=%2Fwp%2Fv2%2Fmedia&parent=71"}],"curies":[{"name":"wp","href":"https:\/\/api.w.org\/{rel}","templated":true}]}}