{"id":657,"date":"2021-04-18T10:49:08","date_gmt":"2021-04-18T07:49:08","guid":{"rendered":"http:\/\/www.ssms.fi\/?page_id=657"},"modified":"2021-08-06T08:08:23","modified_gmt":"2021-08-06T05:08:23","slug":"ohjeita","status":"publish","type":"page","link":"https:\/\/www.ssms.fi\/?page_id=657","title":{"rendered":"Ohjeita"},"content":{"rendered":"<p>T\u00e4lle sivulle on koottu kosteikkoty\u00f6ryhm\u00e4n (k\u00e4yt\u00e4nn\u00f6ss\u00e4 toistaiseksi johtokunta) ohjeita seuran j\u00e4senille kosteikkoalueeseen liittyen.<\/p>\n<ol>\n<li>Kosteikolla vierailuja tulisi v\u00e4ltt\u00e4\u00e4 pesint\u00e4aikana (1.4-9.9), jotta linnut saavat rauhassa hakea pes\u00e4paikat ja poikueet etsi\u00e4 ravintoa alueelta. K\u00e4yt\u00e4nn\u00f6ss\u00e4 suositellaan liikkumista vain mik\u00e4li huoltok\u00e4ynti on ajankohtainen (loukut, pes\u00e4t, padot).<\/li>\n<li>Patojen s\u00e4\u00e4d\u00f6st\u00e4 vastaa nimetty henkil\u00f6, muut j\u00e4senet eiv\u00e4t saa s\u00e4\u00e4t\u00e4\u00e4 patoja. Patojen s\u00e4\u00e4d\u00f6t haetaan kev\u00e4\u00e4ll\u00e4 ja vedenkorkeuden mukaan tehd\u00e4\u00e4n korjausliikkeit\u00e4 kes\u00e4n aikana.<\/li>\n<li>Kanuloukkujen ja minkkiloukkujen hoitoon on nimetty vastuuhenkil\u00f6, loukkujen kokeminen ja viritys on vastuuhenkil\u00f6n hoidossa. Mik\u00e4li haluat mukaan loukkupyyntiin, laita johtokunnalle viesti\u00e4 tai soita.<\/li>\n<li>Ruokintaa harrastetaan l\u00e4ht\u00f6kohtaisesti vain kev\u00e4\u00e4ll\u00e4, jotta se toimisi muuttavien lintujen &#8221;pys\u00e4ytt\u00e4j\u00e4n\u00e4&#8221; ja saisi ne j\u00e4\u00e4m\u00e4\u00e4n alueelle. Kes\u00e4n alussa ruokinta keskeytet\u00e4\u00e4n ja annetaan poikasten hakea ravinto luonnosta. Mik\u00e4li on kiinnostusta kosteikon ruokintapisteiden hoitoon, yhteytt\u00e4 johtokuntaan.<\/li>\n<li>Kosteikolle on asennettu muutamia pes\u00e4laatikoita vesilintuja varten, n\u00e4m\u00e4 sijoitettu saarekkeisiin, joihin ei maayhteytt\u00e4. Pesien hoito ja kunnostukset johtokunnan kautta.<\/li>\n<li>Riistapelto tullaan kylv\u00e4m\u00e4\u00e4n alkukes\u00e4st\u00e4 2021, t\u00e4st\u00e4 lis\u00e4\u00e4 infoa l\u00e4hemp\u00e4n\u00e4.<\/li>\n<li>Kosteikolle sijoitetaan riistakameroita<\/li>\n<\/ol>\n<p>&nbsp;<\/p>\n<p>Kysytt\u00e4v\u00e4\u00e4? Yhteys johtokuntaan<\/p>\n","protected":false},"excerpt":{"rendered":"<p>T\u00e4lle sivulle on koottu kosteikkoty\u00f6ryhm\u00e4n (k\u00e4yt\u00e4nn\u00f6ss\u00e4 toistaiseksi johtokunta) ohjeita seuran j\u00e4senille kosteikkoalueeseen liittyen. Kosteikolla vierailuja tulisi v\u00e4ltt\u00e4\u00e4 pesint\u00e4aikana (1.4-9.9), jotta linnut saavat rauhassa hakea pes\u00e4paikat ja poikueet etsi\u00e4 ravintoa alueelta. K\u00e4yt\u00e4nn\u00f6ss\u00e4 suositellaan liikkumista vain mik\u00e4li huoltok\u00e4ynti on ajankohtainen (loukut, pes\u00e4t,&hellip; <\/p>\n","protected":false},"author":1,"featured_media":0,"parent":0,"menu_order":0,"comment_status":"closed","ping_status":"closed","template":"","meta":{"_monsterinsights_skip_tracking":false,"_monsterinsights_sitenote_active":false,"_monsterinsights_sitenote_note":"","_monsterinsights_sitenote_category":0,"footnotes":""},"class_list":["post-657","page","type-page","status-publish","hentry"],"_links":{"self":[{"href":"https:\/\/www.ssms.fi\/index.php?rest_route=\/wp\/v2\/pages\/657","targetHints":{"allow":["GET"]}}],"collection":[{"href":"https:\/\/www.ssms.fi\/index.php?rest_route=\/wp\/v2\/pages"}],"about":[{"href":"https:\/\/www.ssms.fi\/index.php?rest_route=\/wp\/v2\/types\/page"}],"author":[{"embeddable":true,"href":"https:\/\/www.ssms.fi\/index.php?rest_route=\/wp\/v2\/users\/1"}],"replies":[{"embeddable":true,"href":"https:\/\/www.ssms.fi\/index.php?rest_route=%2Fwp%2Fv2%2Fcomments&post=657"}],"version-history":[{"count":3,"href":"https:\/\/www.ssms.fi\/index.php?rest_route=\/wp\/v2\/pages\/657\/revisions"}],"predecessor-version":[{"id":686,"href":"https:\/\/www.ssms.fi\/index.php?rest_route=\/wp\/v2\/pages\/657\/revisions\/686"}],"wp:attachment":[{"href":"https:\/\/www.ssms.fi\/index.php?rest_route=%2Fwp%2Fv2%2Fmedia&parent=657"}],"curies":[{"name":"wp","href":"https:\/\/api.w.org\/{rel}","templated":true}]}}