{"id":629,"date":"2021-04-18T10:34:38","date_gmt":"2021-04-18T07:34:38","guid":{"rendered":"http:\/\/www.ssms.fi\/?page_id=629"},"modified":"2021-04-18T10:38:10","modified_gmt":"2021-04-18T07:38:10","slug":"kosteikko","status":"publish","type":"page","link":"https:\/\/www.ssms.fi\/?page_id=629","title":{"rendered":"Kosteikko"},"content":{"rendered":"<p>Seura osti vuonna 2019 omistukseensa k\u00e4yt\u00f6st\u00e4 poistetun turvetuotantoalueen Karstulasta ja siit\u00e4 muokattiin kes\u00e4n 2020 aikana konevoimin kosteikko vesilintuja varten. Kosteikkoa ovat olleet tukemassa Suomen Mets\u00e4st\u00e4j\u00e4liitto sek\u00e4 ELY-keskus.<\/p>\n<p><a href=\"https:\/\/metsastajaliitto.fi\/seuroille\/palvelut-seuroille\/hae-rahoitusta\">https:\/\/metsastajaliitto.fi\/seuroille\/palvelut-seuroille\/hae-rahoitusta<\/a><\/p>\n<p><img loading=\"lazy\" decoding=\"async\" class=\"alignnone size-medium wp-image-651\" src=\"http:\/\/www.ssms.fi\/wp-content\/uploads\/2021\/04\/72dpi_metsastajaliitto-keraystunnus-2019-green_0.jpg\" alt=\"\" width=\"284\" height=\"284\" srcset=\"https:\/\/www.ssms.fi\/wp-content\/uploads\/2021\/04\/72dpi_metsastajaliitto-keraystunnus-2019-green_0.jpg 284w, https:\/\/www.ssms.fi\/wp-content\/uploads\/2021\/04\/72dpi_metsastajaliitto-keraystunnus-2019-green_0-150x150.jpg 150w, https:\/\/www.ssms.fi\/wp-content\/uploads\/2021\/04\/72dpi_metsastajaliitto-keraystunnus-2019-green_0-230x230.jpg 230w\" sizes=\"auto, (max-width: 284px) 100vw, 284px\" \/><\/p>\n<p>Kosteikkoon voit tutustua oheisten kuvien avulla. Kuvaajina Janne Pirkkalainen, Jouko Mustalampi ja Veli-Matti Pekkarinen.<\/p>\n\n\t\t<style type=\"text\/css\">\n\t\t\t#gallery-1 {\n\t\t\t\tmargin: auto;\n\t\t\t}\n\t\t\t#gallery-1 .gallery-item {\n\t\t\t\tfloat: left;\n\t\t\t\tmargin-top: 10px;\n\t\t\t\ttext-align: center;\n\t\t\t\twidth: 33%;\n\t\t\t}\n\t\t\t#gallery-1 img {\n\t\t\t\tborder: 2px solid #cfcfcf;\n\t\t\t}\n\t\t\t#gallery-1 .gallery-caption {\n\t\t\t\tmargin-left: 0;\n\t\t\t}\n\t\t\t\/* see gallery_shortcode() in wp-includes\/media.php *\/\n\t\t<\/style>\n\t\t<div id='gallery-1' class='gallery galleryid-629 gallery-columns-3 gallery-size-thumbnail'><dl class='gallery-item'>\n\t\t\t<dt class='gallery-icon landscape'>\n\t\t\t\t<a href='https:\/\/www.ssms.fi\/?attachment_id=632'><img loading=\"lazy\" decoding=\"async\" width=\"150\" height=\"150\" src=\"https:\/\/www.ssms.fi\/wp-content\/uploads\/2021\/04\/kosteikko_3-150x150.jpg\" class=\"attachment-thumbnail size-thumbnail\" alt=\"\" aria-describedby=\"gallery-1-632\" srcset=\"https:\/\/www.ssms.fi\/wp-content\/uploads\/2021\/04\/kosteikko_3-150x150.jpg 150w, https:\/\/www.ssms.fi\/wp-content\/uploads\/2021\/04\/kosteikko_3-230x230.jpg 230w\" sizes=\"auto, (max-width: 150px) 100vw, 150px\" \/><\/a>\n\t\t\t<\/dt>\n\t\t\t\t<dd class='wp-caption-text gallery-caption' id='gallery-1-632'>\n\t\t\t\tEnnen kaivuut\u00f6iden aloitusta tulevan kosteikon suunnittelua\n\t\t\t\t<\/dd><\/dl><dl class='gallery-item'>\n\t\t\t<dt class='gallery-icon landscape'>\n\t\t\t\t<a href='https:\/\/www.ssms.fi\/?attachment_id=634'><img loading=\"lazy\" decoding=\"async\" width=\"150\" height=\"150\" src=\"https:\/\/www.ssms.fi\/wp-content\/uploads\/2021\/04\/kosteikko_5-150x150.jpg\" class=\"attachment-thumbnail size-thumbnail\" alt=\"\" aria-describedby=\"gallery-1-634\" srcset=\"https:\/\/www.ssms.fi\/wp-content\/uploads\/2021\/04\/kosteikko_5-150x150.jpg 150w, https:\/\/www.ssms.fi\/wp-content\/uploads\/2021\/04\/kosteikko_5-230x230.jpg 230w\" sizes=\"auto, (max-width: 150px) 100vw, 150px\" \/><\/a>\n\t\t\t<\/dt>\n\t\t\t\t<dd class='wp-caption-text gallery-caption' id='gallery-1-634'>\n\t\t\t\tVanhaa allasta\n\t\t\t\t<\/dd><\/dl><dl class='gallery-item'>\n\t\t\t<dt class='gallery-icon landscape'>\n\t\t\t\t<a href='https:\/\/www.ssms.fi\/?attachment_id=635'><img loading=\"lazy\" decoding=\"async\" width=\"150\" height=\"150\" src=\"https:\/\/www.ssms.fi\/wp-content\/uploads\/2021\/04\/kosteikko_6-150x150.jpg\" class=\"attachment-thumbnail size-thumbnail\" alt=\"\" aria-describedby=\"gallery-1-635\" srcset=\"https:\/\/www.ssms.fi\/wp-content\/uploads\/2021\/04\/kosteikko_6-150x150.jpg 150w, https:\/\/www.ssms.fi\/wp-content\/uploads\/2021\/04\/kosteikko_6-230x230.jpg 230w\" sizes=\"auto, (max-width: 150px) 100vw, 150px\" \/><\/a>\n\t\t\t<\/dt>\n\t\t\t\t<dd class='wp-caption-text gallery-caption' id='gallery-1-635'>\n\t\t\t\tKeskimm\u00e4inen allas ennen kaivuut\u00f6it\u00e4\n\t\t\t\t<\/dd><\/dl><br style=\"clear: both\" \/><dl class='gallery-item'>\n\t\t\t<dt class='gallery-icon landscape'>\n\t\t\t\t<a href='https:\/\/www.ssms.fi\/?attachment_id=636'><img loading=\"lazy\" decoding=\"async\" width=\"150\" height=\"150\" src=\"https:\/\/www.ssms.fi\/wp-content\/uploads\/2021\/04\/kosteikko_1-150x150.jpg\" class=\"attachment-thumbnail size-thumbnail\" alt=\"\" aria-describedby=\"gallery-1-636\" srcset=\"https:\/\/www.ssms.fi\/wp-content\/uploads\/2021\/04\/kosteikko_1-150x150.jpg 150w, https:\/\/www.ssms.fi\/wp-content\/uploads\/2021\/04\/kosteikko_1-230x230.jpg 230w\" sizes=\"auto, (max-width: 150px) 100vw, 150px\" \/><\/a>\n\t\t\t<\/dt>\n\t\t\t\t<dd class='wp-caption-text gallery-caption' id='gallery-1-636'>\n\t\t\t\tEnsimm\u00e4inen palaveri kosteikolla, suunnittelija Veli-Matti Pekkarinen kertoo n\u00e4kemyksi\u00e4\u00e4n Jukka Laurikaiselle\n\t\t\t\t<\/dd><\/dl><dl class='gallery-item'>\n\t\t\t<dt class='gallery-icon landscape'>\n\t\t\t\t<a href='https:\/\/www.ssms.fi\/?attachment_id=637'><img loading=\"lazy\" decoding=\"async\" width=\"150\" height=\"150\" src=\"https:\/\/www.ssms.fi\/wp-content\/uploads\/2021\/04\/kosteikko_2-150x150.jpg\" class=\"attachment-thumbnail size-thumbnail\" alt=\"\" aria-describedby=\"gallery-1-637\" srcset=\"https:\/\/www.ssms.fi\/wp-content\/uploads\/2021\/04\/kosteikko_2-150x150.jpg 150w, https:\/\/www.ssms.fi\/wp-content\/uploads\/2021\/04\/kosteikko_2-230x230.jpg 230w\" sizes=\"auto, (max-width: 150px) 100vw, 150px\" \/><\/a>\n\t\t\t<\/dt>\n\t\t\t\t<dd class='wp-caption-text gallery-caption' id='gallery-1-637'>\n\t\t\t\tKosteikon suunnittelusta vastannut Veli-Matti Pekkarinen ohjeistaa kaivinkoneurakoitsijaa ennen t\u00f6iden aloitusta\n\t\t\t\t<\/dd><\/dl><dl class='gallery-item'>\n\t\t\t<dt class='gallery-icon landscape'>\n\t\t\t\t<a href='https:\/\/www.ssms.fi\/?attachment_id=639'><img loading=\"lazy\" decoding=\"async\" width=\"150\" height=\"150\" src=\"https:\/\/www.ssms.fi\/wp-content\/uploads\/2021\/04\/kosteikko_13-150x150.jpg\" class=\"attachment-thumbnail size-thumbnail\" alt=\"\" aria-describedby=\"gallery-1-639\" srcset=\"https:\/\/www.ssms.fi\/wp-content\/uploads\/2021\/04\/kosteikko_13-150x150.jpg 150w, https:\/\/www.ssms.fi\/wp-content\/uploads\/2021\/04\/kosteikko_13-230x230.jpg 230w\" sizes=\"auto, (max-width: 150px) 100vw, 150px\" \/><\/a>\n\t\t\t<\/dt>\n\t\t\t\t<dd class='wp-caption-text gallery-caption' id='gallery-1-639'>\n\t\t\t\tKaivuuty\u00f6t kesken, kuva Veli-Matti Pekkarinen\n\t\t\t\t<\/dd><\/dl><br style=\"clear: both\" \/><dl class='gallery-item'>\n\t\t\t<dt class='gallery-icon portrait'>\n\t\t\t\t<a href='https:\/\/www.ssms.fi\/?attachment_id=640'><img loading=\"lazy\" decoding=\"async\" width=\"150\" height=\"150\" src=\"https:\/\/www.ssms.fi\/wp-content\/uploads\/2021\/04\/kosteikko_7-150x150.jpg\" class=\"attachment-thumbnail size-thumbnail\" alt=\"\" aria-describedby=\"gallery-1-640\" srcset=\"https:\/\/www.ssms.fi\/wp-content\/uploads\/2021\/04\/kosteikko_7-150x150.jpg 150w, https:\/\/www.ssms.fi\/wp-content\/uploads\/2021\/04\/kosteikko_7-230x230.jpg 230w, https:\/\/www.ssms.fi\/wp-content\/uploads\/2021\/04\/kosteikko_7-344x342.jpg 344w\" sizes=\"auto, (max-width: 150px) 100vw, 150px\" \/><\/a>\n\t\t\t<\/dt>\n\t\t\t\t<dd class='wp-caption-text gallery-caption' id='gallery-1-640'>\n\t\t\t\tKaivuuty\u00f6t kesken, kuva Veli-Matti Pekkarinen\n\t\t\t\t<\/dd><\/dl><dl class='gallery-item'>\n\t\t\t<dt class='gallery-icon landscape'>\n\t\t\t\t<a href='https:\/\/www.ssms.fi\/?attachment_id=641'><img loading=\"lazy\" decoding=\"async\" width=\"150\" height=\"150\" src=\"https:\/\/www.ssms.fi\/wp-content\/uploads\/2021\/04\/kosteikko_8-150x150.jpg\" class=\"attachment-thumbnail size-thumbnail\" alt=\"\" aria-describedby=\"gallery-1-641\" srcset=\"https:\/\/www.ssms.fi\/wp-content\/uploads\/2021\/04\/kosteikko_8-150x150.jpg 150w, https:\/\/www.ssms.fi\/wp-content\/uploads\/2021\/04\/kosteikko_8-230x230.jpg 230w\" sizes=\"auto, (max-width: 150px) 100vw, 150px\" \/><\/a>\n\t\t\t<\/dt>\n\t\t\t\t<dd class='wp-caption-text gallery-caption' id='gallery-1-641'>\n\t\t\t\tKaivuuty\u00f6t k\u00e4ynniss\u00e4, kuva Veli-Matti Pekkarinen\n\t\t\t\t<\/dd><\/dl><dl class='gallery-item'>\n\t\t\t<dt class='gallery-icon landscape'>\n\t\t\t\t<a href='https:\/\/www.ssms.fi\/?attachment_id=642'><img loading=\"lazy\" decoding=\"async\" width=\"150\" height=\"150\" src=\"https:\/\/www.ssms.fi\/wp-content\/uploads\/2021\/04\/kosteikko_9-150x150.jpg\" class=\"attachment-thumbnail size-thumbnail\" alt=\"\" aria-describedby=\"gallery-1-642\" srcset=\"https:\/\/www.ssms.fi\/wp-content\/uploads\/2021\/04\/kosteikko_9-150x150.jpg 150w, https:\/\/www.ssms.fi\/wp-content\/uploads\/2021\/04\/kosteikko_9-230x230.jpg 230w\" sizes=\"auto, (max-width: 150px) 100vw, 150px\" \/><\/a>\n\t\t\t<\/dt>\n\t\t\t\t<dd class='wp-caption-text gallery-caption' id='gallery-1-642'>\n\t\t\t\tKaivuuty\u00f6t k\u00e4ynniss\u00e4, kuva Veli-Matti Pekkarinen\n\t\t\t\t<\/dd><\/dl><br style=\"clear: both\" \/><dl class='gallery-item'>\n\t\t\t<dt class='gallery-icon landscape'>\n\t\t\t\t<a href='https:\/\/www.ssms.fi\/?attachment_id=643'><img loading=\"lazy\" decoding=\"async\" width=\"150\" height=\"150\" src=\"https:\/\/www.ssms.fi\/wp-content\/uploads\/2021\/04\/kosteikko_10-150x150.jpg\" class=\"attachment-thumbnail size-thumbnail\" alt=\"\" aria-describedby=\"gallery-1-643\" srcset=\"https:\/\/www.ssms.fi\/wp-content\/uploads\/2021\/04\/kosteikko_10-150x150.jpg 150w, https:\/\/www.ssms.fi\/wp-content\/uploads\/2021\/04\/kosteikko_10-230x230.jpg 230w\" sizes=\"auto, (max-width: 150px) 100vw, 150px\" \/><\/a>\n\t\t\t<\/dt>\n\t\t\t\t<dd class='wp-caption-text gallery-caption' id='gallery-1-643'>\n\t\t\t\tKaivuuty\u00f6t k\u00e4ynniss\u00e4, kuva Veli-Matti Pekkarinen\n\t\t\t\t<\/dd><\/dl><dl class='gallery-item'>\n\t\t\t<dt class='gallery-icon landscape'>\n\t\t\t\t<a href='https:\/\/www.ssms.fi\/?attachment_id=644'><img loading=\"lazy\" decoding=\"async\" width=\"150\" height=\"150\" src=\"https:\/\/www.ssms.fi\/wp-content\/uploads\/2021\/04\/kosteikko_11-150x150.jpg\" class=\"attachment-thumbnail size-thumbnail\" alt=\"\" aria-describedby=\"gallery-1-644\" srcset=\"https:\/\/www.ssms.fi\/wp-content\/uploads\/2021\/04\/kosteikko_11-150x150.jpg 150w, https:\/\/www.ssms.fi\/wp-content\/uploads\/2021\/04\/kosteikko_11-230x230.jpg 230w\" sizes=\"auto, (max-width: 150px) 100vw, 150px\" \/><\/a>\n\t\t\t<\/dt>\n\t\t\t\t<dd class='wp-caption-text gallery-caption' id='gallery-1-644'>\n\t\t\t\tKaivuuty\u00f6t vauhdissa, kuva Veli-Matti Pekkarinen\n\t\t\t\t<\/dd><\/dl><dl class='gallery-item'>\n\t\t\t<dt class='gallery-icon landscape'>\n\t\t\t\t<a href='https:\/\/www.ssms.fi\/?attachment_id=645'><img loading=\"lazy\" decoding=\"async\" width=\"150\" height=\"150\" src=\"https:\/\/www.ssms.fi\/wp-content\/uploads\/2021\/04\/kosteikko_12-150x150.jpg\" class=\"attachment-thumbnail size-thumbnail\" alt=\"\" aria-describedby=\"gallery-1-645\" srcset=\"https:\/\/www.ssms.fi\/wp-content\/uploads\/2021\/04\/kosteikko_12-150x150.jpg 150w, https:\/\/www.ssms.fi\/wp-content\/uploads\/2021\/04\/kosteikko_12-230x230.jpg 230w\" sizes=\"auto, (max-width: 150px) 100vw, 150px\" \/><\/a>\n\t\t\t<\/dt>\n\t\t\t\t<dd class='wp-caption-text gallery-caption' id='gallery-1-645'>\n\t\t\t\tKaivuut\u00f6it\u00e4, kuva Veli-Matti Pekkarinen\n\t\t\t\t<\/dd><\/dl><br style=\"clear: both\" \/><dl class='gallery-item'>\n\t\t\t<dt class='gallery-icon portrait'>\n\t\t\t\t<a href='https:\/\/www.ssms.fi\/?attachment_id=647'><img loading=\"lazy\" decoding=\"async\" width=\"150\" height=\"150\" src=\"https:\/\/www.ssms.fi\/wp-content\/uploads\/2021\/04\/kosteikko_17-150x150.jpg\" class=\"attachment-thumbnail size-thumbnail\" alt=\"\" aria-describedby=\"gallery-1-647\" srcset=\"https:\/\/www.ssms.fi\/wp-content\/uploads\/2021\/04\/kosteikko_17-150x150.jpg 150w, https:\/\/www.ssms.fi\/wp-content\/uploads\/2021\/04\/kosteikko_17-230x230.jpg 230w, https:\/\/www.ssms.fi\/wp-content\/uploads\/2021\/04\/kosteikko_17-345x342.jpg 345w\" sizes=\"auto, (max-width: 150px) 100vw, 150px\" \/><\/a>\n\t\t\t<\/dt>\n\t\t\t\t<dd class='wp-caption-text gallery-caption' id='gallery-1-647'>\n\t\t\t\tPes\u00e4laatikoinen asennusta saarekkeisiin.\n\t\t\t\t<\/dd><\/dl><dl class='gallery-item'>\n\t\t\t<dt class='gallery-icon landscape'>\n\t\t\t\t<a href='https:\/\/www.ssms.fi\/?attachment_id=648'><img loading=\"lazy\" decoding=\"async\" width=\"150\" height=\"150\" src=\"https:\/\/www.ssms.fi\/wp-content\/uploads\/2021\/04\/kosteikko_14-150x150.jpg\" class=\"attachment-thumbnail size-thumbnail\" alt=\"\" aria-describedby=\"gallery-1-648\" srcset=\"https:\/\/www.ssms.fi\/wp-content\/uploads\/2021\/04\/kosteikko_14-150x150.jpg 150w, https:\/\/www.ssms.fi\/wp-content\/uploads\/2021\/04\/kosteikko_14-230x230.jpg 230w\" sizes=\"auto, (max-width: 150px) 100vw, 150px\" \/><\/a>\n\t\t\t<\/dt>\n\t\t\t\t<dd class='wp-caption-text gallery-caption' id='gallery-1-648'>\n\t\t\t\tKev\u00e4\u00e4n 2021 kantohangilla oli hyv\u00e4 hiihdell\u00e4 pes\u00e4laatikot ahkiossa kosteikolle\n\t\t\t\t<\/dd><\/dl><dl class='gallery-item'>\n\t\t\t<dt class='gallery-icon portrait'>\n\t\t\t\t<a href='https:\/\/www.ssms.fi\/?attachment_id=649'><img loading=\"lazy\" decoding=\"async\" width=\"150\" height=\"150\" src=\"https:\/\/www.ssms.fi\/wp-content\/uploads\/2021\/04\/kosteikko_15-150x150.jpg\" class=\"attachment-thumbnail size-thumbnail\" alt=\"\" aria-describedby=\"gallery-1-649\" srcset=\"https:\/\/www.ssms.fi\/wp-content\/uploads\/2021\/04\/kosteikko_15-150x150.jpg 150w, https:\/\/www.ssms.fi\/wp-content\/uploads\/2021\/04\/kosteikko_15-230x230.jpg 230w, https:\/\/www.ssms.fi\/wp-content\/uploads\/2021\/04\/kosteikko_15-344x342.jpg 344w\" sizes=\"auto, (max-width: 150px) 100vw, 150px\" \/><\/a>\n\t\t\t<\/dt>\n\t\t\t\t<dd class='wp-caption-text gallery-caption' id='gallery-1-649'>\n\t\t\t\tAsennusty\u00f6t k\u00e4ynniss\u00e4\n\t\t\t\t<\/dd><\/dl><br style=\"clear: both\" \/><dl class='gallery-item'>\n\t\t\t<dt class='gallery-icon portrait'>\n\t\t\t\t<a href='https:\/\/www.ssms.fi\/?attachment_id=650'><img loading=\"lazy\" decoding=\"async\" width=\"150\" height=\"150\" src=\"https:\/\/www.ssms.fi\/wp-content\/uploads\/2021\/04\/kosteikko_16-150x150.jpg\" class=\"attachment-thumbnail size-thumbnail\" alt=\"\" aria-describedby=\"gallery-1-650\" srcset=\"https:\/\/www.ssms.fi\/wp-content\/uploads\/2021\/04\/kosteikko_16-150x150.jpg 150w, https:\/\/www.ssms.fi\/wp-content\/uploads\/2021\/04\/kosteikko_16-230x230.jpg 230w\" sizes=\"auto, (max-width: 150px) 100vw, 150px\" \/><\/a>\n\t\t\t<\/dt>\n\t\t\t\t<dd class='wp-caption-text gallery-caption' id='gallery-1-650'>\n\t\t\t\tValmista!\n\t\t\t\t<\/dd><\/dl><dl class='gallery-item'>\n\t\t\t<dt class='gallery-icon portrait'>\n\t\t\t\t<a href='https:\/\/www.ssms.fi\/?attachment_id=653'><img loading=\"lazy\" decoding=\"async\" width=\"150\" height=\"150\" src=\"https:\/\/www.ssms.fi\/wp-content\/uploads\/2021\/04\/kosteikko_18-150x150.jpg\" class=\"attachment-thumbnail size-thumbnail\" alt=\"\" aria-describedby=\"gallery-1-653\" srcset=\"https:\/\/www.ssms.fi\/wp-content\/uploads\/2021\/04\/kosteikko_18-150x150.jpg 150w, https:\/\/www.ssms.fi\/wp-content\/uploads\/2021\/04\/kosteikko_18-230x230.jpg 230w, https:\/\/www.ssms.fi\/wp-content\/uploads\/2021\/04\/kosteikko_18-343x342.jpg 343w\" sizes=\"auto, (max-width: 150px) 100vw, 150px\" \/><\/a>\n\t\t\t<\/dt>\n\t\t\t\t<dd class='wp-caption-text gallery-caption' id='gallery-1-653'>\n\t\t\t\tEnsimm\u00e4inen kanu-loukku viritetty pyyntiin, kuva Jouko Mustalampi\n\t\t\t\t<\/dd><\/dl>\n\t\t\t<br style='clear: both' \/>\n\t\t<\/div>\n\n<p>&nbsp;<\/p>\n","protected":false},"excerpt":{"rendered":"<p>Seura osti vuonna 2019 omistukseensa k\u00e4yt\u00f6st\u00e4 poistetun turvetuotantoalueen Karstulasta ja siit\u00e4 muokattiin kes\u00e4n 2020 aikana konevoimin kosteikko vesilintuja varten. Kosteikkoa ovat olleet tukemassa Suomen Mets\u00e4st\u00e4j\u00e4liitto sek\u00e4 ELY-keskus. https:\/\/metsastajaliitto.fi\/seuroille\/palvelut-seuroille\/hae-rahoitusta Kosteikkoon voit tutustua oheisten kuvien avulla. Kuvaajina Janne Pirkkalainen, Jouko Mustalampi ja&hellip; <\/p>\n","protected":false},"author":1,"featured_media":0,"parent":23,"menu_order":0,"comment_status":"closed","ping_status":"closed","template":"","meta":{"_monsterinsights_skip_tracking":false,"_monsterinsights_sitenote_active":false,"_monsterinsights_sitenote_note":"","_monsterinsights_sitenote_category":0,"footnotes":""},"class_list":["post-629","page","type-page","status-publish","hentry"],"_links":{"self":[{"href":"https:\/\/www.ssms.fi\/index.php?rest_route=\/wp\/v2\/pages\/629","targetHints":{"allow":["GET"]}}],"collection":[{"href":"https:\/\/www.ssms.fi\/index.php?rest_route=\/wp\/v2\/pages"}],"about":[{"href":"https:\/\/www.ssms.fi\/index.php?rest_route=\/wp\/v2\/types\/page"}],"author":[{"embeddable":true,"href":"https:\/\/www.ssms.fi\/index.php?rest_route=\/wp\/v2\/users\/1"}],"replies":[{"embeddable":true,"href":"https:\/\/www.ssms.fi\/index.php?rest_route=%2Fwp%2Fv2%2Fcomments&post=629"}],"version-history":[{"count":6,"href":"https:\/\/www.ssms.fi\/index.php?rest_route=\/wp\/v2\/pages\/629\/revisions"}],"predecessor-version":[{"id":656,"href":"https:\/\/www.ssms.fi\/index.php?rest_route=\/wp\/v2\/pages\/629\/revisions\/656"}],"up":[{"embeddable":true,"href":"https:\/\/www.ssms.fi\/index.php?rest_route=\/wp\/v2\/pages\/23"}],"wp:attachment":[{"href":"https:\/\/www.ssms.fi\/index.php?rest_route=%2Fwp%2Fv2%2Fmedia&parent=629"}],"curies":[{"name":"wp","href":"https:\/\/api.w.org\/{rel}","templated":true}]}}