{"id":338,"date":"2018-03-21T23:34:31","date_gmt":"2018-03-21T21:34:31","guid":{"rendered":"http:\/\/www.ssms.fi\/?page_id=338"},"modified":"2018-03-21T23:34:31","modified_gmt":"2018-03-21T21:34:31","slug":"toimintailmoitus","status":"publish","type":"page","link":"https:\/\/www.ssms.fi\/?page_id=338","title":{"rendered":"Toimintailmoitus"},"content":{"rendered":"<p>Yhdistyksen j\u00e4sen on velvollinen osallistumaan vuosittain ainakin yhden p\u00e4iv\u00e4n ajan<br \/>\nriistanhoito-, kennel-, koe- tai muuhun yhdistyksen eduksi koituvaan toimintaan tai muussa<br \/>\ntapauksessa h\u00e4nen on maksettava yhdistykselle suorittamatta j\u00e4\u00e4neen ty\u00f6n arvona<br \/>\nriistanhoitomaksu, jonka suuruuden yhdistyksen vuosikokous vuosittain m\u00e4\u00e4r\u00e4\u00e4. J\u00e4sen, joka on<br \/>\nt\u00e4ytt\u00e4nyt 65 vuotta, on t\u00e4ss\u00e4 pyk\u00e4l\u00e4ss\u00e4 mainitusta velvoitteesta vapaa.<\/p>\n<p>Koiran\u00e4yttelytalkoisiin osallistuminen on s\u00e4\u00e4nn\u00f6iss\u00e4 mainittua yhdistyksen eduksi koituvaa toimintaa.<\/p>\n<p>Kirjaa alla olevalle lomakkeelle milloin, miss\u00e4 ja kuinka kauan olet osallistunut SSMS:n talkoisiin.<\/p>\n<p>Kirjaa lomakkeelle my\u00f6s koirasi saamat koetulokset, mik\u00e4li haluat niist\u00e4 mainittavan seuran vuosikokouksessa.<\/p>\n<p>Esimerkiksi;<br \/>\nRiistanhoitotalkoot Saviolla 10.7.2017 4h<br \/>\nKoiran\u00e4yttely Jyv\u00e4skyl\u00e4 14.-15.10.2017 2 p\u00e4iv\u00e4\u00e4<br \/>\nKaer-koe toimitsijana Peuralampi 12.11.2017 1 p\u00e4iv\u00e4<br \/>\nKoiran nimi, KAER F koe, tulos AVO2 1.1.2024<\/p>\n<form action=\"\" method=\"post\">\n<p><label for=\"firstname\">Etunimi: <span>*<\/span> <br \/><input type=\"text\" name=\"firstname\" value=\"\"><\/label><\/p>\n<p><label for=\"lastname\">Sukunimi: <span>*<\/span> <br \/><input type=\"text\" name=\"lastname\" value=\"\"><\/label><\/p>\n<p><label for=\"year\">Vuosi, jonka tapahtumat raportti sis\u00e4lt\u00e4\u00e4: <span>*<\/span> <br \/><select name=\"year\"><option value=&#039;2025&#039;>2025<\/option><option value=&#039;2026&#039;>2026<\/option><\/select><\/label><\/p>\n<p><label for=\"report\">Talkootoiminta: <span>*<\/span> <br \/><textarea type=\"text\" name=\"report\" rows=\"15\"><\/textarea><\/label><\/p>\n<p>\t  <input type=\"hidden\" name=\"form_sent\" value=\"1\"><\/p>\n<p><input type=\"submit\" value=\"L\u00e4het\u00e4\"><\/p>\n<\/p><\/form>\n","protected":false},"excerpt":{"rendered":"<p>Yhdistyksen j\u00e4sen on velvollinen osallistumaan vuosittain ainakin yhden p\u00e4iv\u00e4n ajan riistanhoito-, kennel-, koe- tai muuhun yhdistyksen eduksi koituvaan toimintaan tai muussa tapauksessa h\u00e4nen on maksettava yhdistykselle suorittamatta j\u00e4\u00e4neen ty\u00f6n arvona riistanhoitomaksu, jonka suuruuden yhdistyksen vuosikokous vuosittain m\u00e4\u00e4r\u00e4\u00e4. J\u00e4sen, joka on&hellip; <\/p>\n","protected":false},"author":1,"featured_media":0,"parent":0,"menu_order":0,"comment_status":"closed","ping_status":"closed","template":"","meta":{"_monsterinsights_skip_tracking":false,"_monsterinsights_sitenote_active":false,"_monsterinsights_sitenote_note":"","_monsterinsights_sitenote_category":0,"footnotes":""},"class_list":["post-338","page","type-page","status-publish","hentry"],"_links":{"self":[{"href":"https:\/\/www.ssms.fi\/index.php?rest_route=\/wp\/v2\/pages\/338","targetHints":{"allow":["GET"]}}],"collection":[{"href":"https:\/\/www.ssms.fi\/index.php?rest_route=\/wp\/v2\/pages"}],"about":[{"href":"https:\/\/www.ssms.fi\/index.php?rest_route=\/wp\/v2\/types\/page"}],"author":[{"embeddable":true,"href":"https:\/\/www.ssms.fi\/index.php?rest_route=\/wp\/v2\/users\/1"}],"replies":[{"embeddable":true,"href":"https:\/\/www.ssms.fi\/index.php?rest_route=%2Fwp%2Fv2%2Fcomments&post=338"}],"version-history":[{"count":3,"href":"https:\/\/www.ssms.fi\/index.php?rest_route=\/wp\/v2\/pages\/338\/revisions"}],"predecessor-version":[{"id":894,"href":"https:\/\/www.ssms.fi\/index.php?rest_route=\/wp\/v2\/pages\/338\/revisions\/894"}],"wp:attachment":[{"href":"https:\/\/www.ssms.fi\/index.php?rest_route=%2Fwp%2Fv2%2Fmedia&parent=338"}],"curies":[{"name":"wp","href":"https:\/\/api.w.org\/{rel}","templated":true}]}}