{"id":314,"date":"2018-03-21T23:30:14","date_gmt":"2018-03-21T21:30:14","guid":{"rendered":"http:\/\/www.ssms.fi\/?page_id=314"},"modified":"2018-03-21T23:30:14","modified_gmt":"2018-03-21T21:30:14","slug":"saalisilmoitus-2","status":"publish","type":"page","link":"https:\/\/www.ssms.fi\/?page_id=314","title":{"rendered":"Saalisilmoitus"},"content":{"rendered":"<p>J\u00e4sen on velvollinen pit\u00e4m\u00e4\u00e4n luetteloa kaatamastaan riistasta ja ilmoittamaan siit\u00e4 vuosittain johtokunnalle.<\/p>\n<p>Voit ilmoittaa saaliisi allaolevalla lomakkeella. Ilmoita my\u00f6s pienpedot.<br \/>\nKirjaa saalis ja paikka miss\u00e4 olet sen kaatanut.<\/p>\n<p>Esimerkiksi;<br \/>\nTeeri, uros, 2kpl, Peuralampi<br \/>\nKoppelo 1kpl, Savio<br \/>\nPyy 1kpl, Savio<br \/>\nSupikoira 5kpl, Savio<br \/>\nKettu 2kpl, Peuralampi<\/p>\n<p>Erittele mets\u00e4kanalinnuista saitko uroksen vai naaraan.<\/p>\n<form action=\"\" method=\"post\">\n<p><label for=\"firstname\">Etunimi: <span>*<\/span> <br \/><input type=\"text\" name=\"firstname\" value=\"\"\/><\/label><\/p>\n<p><label for=\"lastname\">Sukunimi: <span>*<\/span> <br \/><input type=\"text\" name=\"lastname\" value=\"\"\/><\/label><\/p>\n<p><label for=\"year\">Vuosi, jonka tapahtumat raportti sis\u00e4lt\u00e4\u00e4: <span>*<\/span> <br \/><select name=\"year\"><option value=&#039;2025&#039;>2025<\/option><option value=&#039;2026&#039;>2026<\/option><\/select><\/label><\/p>\n<p><label for=\"report\">Saalis: <span>*<\/span> <br \/><textarea type=\"text\" name=\"report\" rows=\"15\"><\/textarea><\/label><\/p>\n<p>\t  <input type=\"hidden\" name=\"form_sent\" value=\"1\"><\/p>\n<p><input type=\"submit\" value=\"L\u00e4het\u00e4\"><\/p>\n<\/p><\/form>\n","protected":false},"excerpt":{"rendered":"<p>J\u00e4sen on velvollinen pit\u00e4m\u00e4\u00e4n luetteloa kaatamastaan riistasta ja ilmoittamaan siit\u00e4 vuosittain johtokunnalle. Voit ilmoittaa saaliisi allaolevalla lomakkeella. Ilmoita my\u00f6s pienpedot. Kirjaa saalis ja paikka miss\u00e4 olet sen kaatanut. Esimerkiksi; Teeri, uros, 2kpl, Peuralampi Koppelo 1kpl, Savio Pyy 1kpl, Savio Supikoira&hellip; <\/p>\n","protected":false},"author":1,"featured_media":0,"parent":0,"menu_order":0,"comment_status":"closed","ping_status":"closed","template":"","meta":{"_monsterinsights_skip_tracking":false,"_monsterinsights_sitenote_active":false,"_monsterinsights_sitenote_note":"","_monsterinsights_sitenote_category":0,"footnotes":""},"class_list":["post-314","page","type-page","status-publish","hentry"],"_links":{"self":[{"href":"https:\/\/www.ssms.fi\/index.php?rest_route=\/wp\/v2\/pages\/314","targetHints":{"allow":["GET"]}}],"collection":[{"href":"https:\/\/www.ssms.fi\/index.php?rest_route=\/wp\/v2\/pages"}],"about":[{"href":"https:\/\/www.ssms.fi\/index.php?rest_route=\/wp\/v2\/types\/page"}],"author":[{"embeddable":true,"href":"https:\/\/www.ssms.fi\/index.php?rest_route=\/wp\/v2\/users\/1"}],"replies":[{"embeddable":true,"href":"https:\/\/www.ssms.fi\/index.php?rest_route=%2Fwp%2Fv2%2Fcomments&post=314"}],"version-history":[{"count":13,"href":"https:\/\/www.ssms.fi\/index.php?rest_route=\/wp\/v2\/pages\/314\/revisions"}],"predecessor-version":[{"id":893,"href":"https:\/\/www.ssms.fi\/index.php?rest_route=\/wp\/v2\/pages\/314\/revisions\/893"}],"wp:attachment":[{"href":"https:\/\/www.ssms.fi\/index.php?rest_route=%2Fwp%2Fv2%2Fmedia&parent=314"}],"curies":[{"name":"wp","href":"https:\/\/api.w.org\/{rel}","templated":true}]}}