{"id":23,"date":"2017-05-17T13:02:13","date_gmt":"2017-05-17T10:02:13","guid":{"rendered":"http:\/\/ssms.web35.neutech.fi\/?page_id=23"},"modified":"2017-05-21T17:16:33","modified_gmt":"2017-05-21T14:16:33","slug":"metsastys","status":"publish","type":"page","link":"https:\/\/www.ssms.fi\/?page_id=23","title":{"rendered":"Mets\u00e4stys"},"content":{"rendered":"<p>Seuralla on mets\u00e4stysmaita k\u00e4yt\u00f6ss\u00e4 p\u00e4\u00e4asiallisesti Karstulassa ja Savio-Puttolassa, sek\u00e4 pienempi\u00e4 alueita Toivakka-Palvaj\u00e4rvell\u00e4.<\/p>\n<p>Karttoja voi kysy\u00e4 seuran maavoudilta. Maavoudin yhteystiedot l\u00f6ytyv\u00e4t Yhteystieto -sivulta.<\/p>\n","protected":false},"excerpt":{"rendered":"<p>Seuralla on mets\u00e4stysmaita k\u00e4yt\u00f6ss\u00e4 p\u00e4\u00e4asiallisesti Karstulassa ja Savio-Puttolassa, sek\u00e4 pienempi\u00e4 alueita Toivakka-Palvaj\u00e4rvell\u00e4. Karttoja voi kysy\u00e4 seuran maavoudilta. Maavoudin yhteystiedot l\u00f6ytyv\u00e4t Yhteystieto -sivulta.<\/p>\n","protected":false},"author":1,"featured_media":24,"parent":0,"menu_order":0,"comment_status":"closed","ping_status":"closed","template":"","meta":{"_monsterinsights_skip_tracking":false,"_monsterinsights_sitenote_active":false,"_monsterinsights_sitenote_note":"","_monsterinsights_sitenote_category":0,"footnotes":""},"class_list":["post-23","page","type-page","status-publish","has-post-thumbnail","hentry"],"_links":{"self":[{"href":"https:\/\/www.ssms.fi\/index.php?rest_route=\/wp\/v2\/pages\/23","targetHints":{"allow":["GET"]}}],"collection":[{"href":"https:\/\/www.ssms.fi\/index.php?rest_route=\/wp\/v2\/pages"}],"about":[{"href":"https:\/\/www.ssms.fi\/index.php?rest_route=\/wp\/v2\/types\/page"}],"author":[{"embeddable":true,"href":"https:\/\/www.ssms.fi\/index.php?rest_route=\/wp\/v2\/users\/1"}],"replies":[{"embeddable":true,"href":"https:\/\/www.ssms.fi\/index.php?rest_route=%2Fwp%2Fv2%2Fcomments&post=23"}],"version-history":[{"count":2,"href":"https:\/\/www.ssms.fi\/index.php?rest_route=\/wp\/v2\/pages\/23\/revisions"}],"predecessor-version":[{"id":153,"href":"https:\/\/www.ssms.fi\/index.php?rest_route=\/wp\/v2\/pages\/23\/revisions\/153"}],"wp:featuredmedia":[{"embeddable":true,"href":"https:\/\/www.ssms.fi\/index.php?rest_route=\/wp\/v2\/media\/24"}],"wp:attachment":[{"href":"https:\/\/www.ssms.fi\/index.php?rest_route=%2Fwp%2Fv2%2Fmedia&parent=23"}],"curies":[{"name":"wp","href":"https:\/\/api.w.org\/{rel}","templated":true}]}}