{"id":2,"date":"2017-05-17T11:54:17","date_gmt":"2017-05-17T08:54:17","guid":{"rendered":"http:\/\/ssms.web35.neutech.fi\/?page_id=2"},"modified":"2017-05-17T16:16:27","modified_gmt":"2017-05-17T13:16:27","slug":"esimerkkisivu","status":"publish","type":"page","link":"https:\/\/www.ssms.fi\/?page_id=2","title":{"rendered":"SSMS"},"content":{"rendered":"<p><img loading=\"lazy\" decoding=\"async\" class=\"alignnone size-medium wp-image-54\" src=\"http:\/\/ssms.web35.neutech.fi\/wp-content\/uploads\/2017\/05\/ssms_vanha_logo-300x202.png\" alt=\"\" width=\"300\" height=\"202\" srcset=\"https:\/\/www.ssms.fi\/wp-content\/uploads\/2017\/05\/ssms_vanha_logo-300x202.png 300w, https:\/\/www.ssms.fi\/wp-content\/uploads\/2017\/05\/ssms_vanha_logo.png 522w\" sizes=\"auto, (max-width: 300px) 100vw, 300px\" \/><\/p>\n<p>Sis\u00e4-Suomen Mets\u00e4stysseura ry. on yksi suomen vanhimpia mets\u00e4stysseruroja. Sis\u00e4-Suomen Mets\u00e4stysserua on perustettu lokakuun 6. p\u00e4iv\u00e4 vuonna 1926 Jyv\u00e4skyl\u00e4ss\u00e4. Vuonna 2016 juhlittiin seuran 90:tt\u00e4 syntym\u00e4p\u00e4iv\u00e4\u00e4.<\/p>\n<p>Nykyisin seuralla on mets\u00e4stysalueita Savio-Puttolan alueella ja Karstulassa Peuralammen alueella. Pienempi\u00e4 mets\u00e4stysmaita on muun muassa Toivakassa. Sis\u00e4-Suomen Mets\u00e4stysseurassa on hieman yli 200 j\u00e4sent\u00e4. Seurassa on aktiivista riistanhoito-, mets\u00e4stys- ja ammuntatoimintaa.<\/p>\n","protected":false},"excerpt":{"rendered":"<p>Sis\u00e4-Suomen Mets\u00e4stysseura ry. on yksi suomen vanhimpia mets\u00e4stysseruroja. Sis\u00e4-Suomen Mets\u00e4stysserua on perustettu lokakuun 6. p\u00e4iv\u00e4 vuonna 1926 Jyv\u00e4skyl\u00e4ss\u00e4. Vuonna 2016 juhlittiin seuran 90:tt\u00e4 syntym\u00e4p\u00e4iv\u00e4\u00e4. Nykyisin seuralla on mets\u00e4stysalueita Savio-Puttolan alueella ja Karstulassa Peuralammen alueella. Pienempi\u00e4 mets\u00e4stysmaita on muun muassa Toivakassa.&hellip; <\/p>\n","protected":false},"author":1,"featured_media":50,"parent":0,"menu_order":0,"comment_status":"closed","ping_status":"closed","template":"","meta":{"_monsterinsights_skip_tracking":false,"_monsterinsights_sitenote_active":false,"_monsterinsights_sitenote_note":"","_monsterinsights_sitenote_category":0,"footnotes":""},"class_list":["post-2","page","type-page","status-publish","has-post-thumbnail","hentry"],"_links":{"self":[{"href":"https:\/\/www.ssms.fi\/index.php?rest_route=\/wp\/v2\/pages\/2","targetHints":{"allow":["GET"]}}],"collection":[{"href":"https:\/\/www.ssms.fi\/index.php?rest_route=\/wp\/v2\/pages"}],"about":[{"href":"https:\/\/www.ssms.fi\/index.php?rest_route=\/wp\/v2\/types\/page"}],"author":[{"embeddable":true,"href":"https:\/\/www.ssms.fi\/index.php?rest_route=\/wp\/v2\/users\/1"}],"replies":[{"embeddable":true,"href":"https:\/\/www.ssms.fi\/index.php?rest_route=%2Fwp%2Fv2%2Fcomments&post=2"}],"version-history":[{"count":6,"href":"https:\/\/www.ssms.fi\/index.php?rest_route=\/wp\/v2\/pages\/2\/revisions"}],"predecessor-version":[{"id":56,"href":"https:\/\/www.ssms.fi\/index.php?rest_route=\/wp\/v2\/pages\/2\/revisions\/56"}],"wp:featuredmedia":[{"embeddable":true,"href":"https:\/\/www.ssms.fi\/index.php?rest_route=\/wp\/v2\/media\/50"}],"wp:attachment":[{"href":"https:\/\/www.ssms.fi\/index.php?rest_route=%2Fwp%2Fv2%2Fmedia&parent=2"}],"curies":[{"name":"wp","href":"https:\/\/api.w.org\/{rel}","templated":true}]}}