{"id":88,"date":"2017-05-18T12:13:59","date_gmt":"2017-05-18T09:13:59","guid":{"rendered":"http:\/\/ssms.web35.neutech.fi\/?page_id=88"},"modified":"2018-02-11T17:09:36","modified_gmt":"2018-02-11T15:09:36","slug":"jasenhakemus","status":"publish","type":"page","link":"http:\/\/www.ssms.fi\/?page_id=88","title":{"rendered":"J\u00e4senhakemus"},"content":{"rendered":"<form action=\"http:\/\/cgi.neutech.fi\/afm.cgi\" method=\"post\"><input name=\"RECIPIENT\" type=\"hidden\" value=\"johtokunta@ssms.fi\" \/><br \/>\n<input name=\"THANKURL\" type=\"hidden\" value=\" http:\/\/www.ssms.fi\/?page_id=166\" \/><br \/>\n<input name=\"SUBJECT\" type=\"hidden\" value=\"J\u00e4senhakemus www-sivuilta\" \/><br \/>\n<input name=\"FROMADDRESS\" type=\"hidden\" value=\"johtokunta@ssms.fi\" \/><input name=\"SUPPRESS_EMPTY\" type=\"hidden\" \/><br \/>\n<input name=\"SEPARATOR\" type=\"hidden\" value=\"= \" \/><\/p>\n<p>Sis\u00e4-Suomen Mets\u00e4stysseuran ry:n s\u00e4\u00e4nt\u00f6jen mukaan j\u00e4seneksi voidaan hyv\u00e4ksy\u00e4\u00a0hyv\u00e4maineinen, riistanhoitoa ja mets\u00e4styst\u00e4 harrastava henkil\u00f6. J\u00e4seneksi hakevalla henkil\u00f6ll\u00e4 on oltava kaksi suosittelijaa, joiden on oltava seuran j\u00e4seni\u00e4. Ennen varsinaista j\u00e4senyytt\u00e4 hakija hyv\u00e4ksyt\u00e4\u00e4n ensin yhdeksi koevuodeksi. Hakija\u00a0ei voi kuulua j\u00e4senen\u00e4 toiseen samalla paikkakunnalla toimivaan mets\u00e4stysyhdistykseen. J\u00e4senhakemukset k\u00e4sitell\u00e4\u00e4n Sis\u00e4Suomen Mets\u00e4stysseura ry:n vuosikokouksessa tammi-huhtikuussa ja kes\u00e4kokouksessa elokussa.<\/p>\n<table>\n<tbody>\n<tr>\n<td>Etunimi:<\/td>\n<td><input name=\"Nimi\" size=\"40\" type=\"text\" \/><\/td>\n<\/tr>\n<tr>\n<td>Sukunimi:<\/td>\n<td><input name=\"Nimi\" size=\"40\" type=\"text\" \/><\/td>\n<\/tr>\n<tr>\n<td>Syntym\u00e4aika:<\/td>\n<td><input name=\"Syntymaaika\" size=\"20\" type=\"text\" \/><\/td>\n<\/tr>\n<tr>\n<td>Arvo tai ammatti:<\/td>\n<td><input name=\"Arvotaiammatti\" size=\"20\" type=\"text\" \/><\/td>\n<\/tr>\n<tr>\n<td>Osoite:<\/td>\n<td><input name=\"Osoite\" size=\"20\" type=\"text\" \/><\/td>\n<\/tr>\n<tr>\n<td>S\u00e4hk\u00f6postiosoite:<\/td>\n<td><input name=\"Sahkopostiosoite\" size=\"20\" type=\"text\" \/><\/td>\n<\/tr>\n<tr>\n<td>Puhelinnumero:<\/td>\n<td><input name=\"Puhelinnumero\" size=\"20\" type=\"text\" \/><\/td>\n<\/tr>\n<tr>\n<td>Onko hakijalla mets\u00e4styskortti suoritettuna?<\/td>\n<td><input name=\"Metsastyskortti\" type=\"radio\" value=\"ei\" \/> ei<br \/>\n<input name=\"Metsastyskortti\" type=\"radio\" value=\"Kyll\u00e4\" \/> Kyll\u00e4<\/td>\n<\/tr>\n<tr>\n<td>Kuuluuko hakija muihin mets\u00e4stysseuroihin?<\/td>\n<td><input name=\"Muut_seurat\" type=\"radio\" value=\"ei\" \/> ei<br \/>\n<input name=\"Muut_seurat\" type=\"radio\" value=\"Kyll\u00e4\" \/> Kyll\u00e4<\/td>\n<\/tr>\n<tr>\n<td>Jos kuuluu, muihin seuroihin ja mist\u00e4 saakka?:<\/td>\n<td><input name=\"Joskuuluumuihinseuroihinjamistasaakka\" size=\"20\" type=\"text\" \/><\/td>\n<\/tr>\n<tr>\n<td>Mit\u00e4 mets\u00e4styst\u00e4 hakija p\u00e4\u00e4asiassa harjoittaa?:<\/td>\n<td><input name=\"Mitametsastystahakijapaaasiassaharjoittaa\" size=\"20\" type=\"text\" \/><\/td>\n<\/tr>\n<tr>\n<td>Mit\u00e4 mets\u00e4stys- ja riistanhoitoaluetta hakija tulisi p\u00e4\u00e4asiassa k\u00e4ytt\u00e4m\u00e4\u00e4n?:<\/td>\n<td><input name=\"Mitametsastys- jariistanhoitoaluettahakijatulisipaaasiassakayttamaan\" size=\"20\" type=\"text\" \/><\/td>\n<\/tr>\n<tr>\n<td>Kuuluuko saman perheen j\u00e4seni\u00e4 t\u00e4h\u00e4n seuraan? (nimet):<\/td>\n<td><input name=\"Kuuluukosamanperheenjaseniatahanseuraannimet\" size=\"20\" type=\"text\" \/><\/td>\n<\/tr>\n<tr>\n<td>Suosittelijat 2kpl<\/td>\n<td><\/td>\n<\/tr>\n<tr>\n<td>Suosittelija:<\/td>\n<td><input name=\"Suosittelija1\" size=\"40\" type=\"text\" \/><\/td>\n<\/tr>\n<tr>\n<td>Suosittelija:<\/td>\n<td><input name=\"Suosittelija2\" size=\"40\" type=\"text\" \/><\/td>\n<\/tr>\n<tr>\n<td>Olen lukenut SSMS:n s\u00e4\u00e4nn\u00f6t:<\/td>\n<td><input name=\"S\u00e4\u00e4nn\u00f6t luettu\" type=\"checkbox\" \/>Kyll\u00e4<\/td>\n<\/tr>\n<\/tbody>\n<\/table>\n<p><input type=\"submit\" value=\"L\u00e4het\u00e4\" \/> &#8211; <input type=\"reset\" value=\"Tyhjenn\u00e4 kent\u00e4t\" \/><\/p>\n<\/form>\n","protected":false},"excerpt":{"rendered":"<p>Sis\u00e4-Suomen Mets\u00e4stysseuran ry:n s\u00e4\u00e4nt\u00f6jen mukaan j\u00e4seneksi voidaan hyv\u00e4ksy\u00e4\u00a0hyv\u00e4maineinen, riistanhoitoa ja mets\u00e4styst\u00e4 harrastava henkil\u00f6. J\u00e4seneksi hakevalla henkil\u00f6ll\u00e4 on oltava kaksi suosittelijaa, joiden on oltava seuran j\u00e4seni\u00e4. Ennen varsinaista j\u00e4senyytt\u00e4 hakija hyv\u00e4ksyt\u00e4\u00e4n ensin yhdeksi koevuodeksi. Hakija\u00a0ei voi kuulua j\u00e4senen\u00e4 toiseen samalla paikkakunnalla&hellip; <\/p>\n","protected":false},"author":1,"featured_media":0,"parent":0,"menu_order":0,"comment_status":"closed","ping_status":"closed","template":"","meta":{"_monsterinsights_skip_tracking":false,"_monsterinsights_sitenote_active":false,"_monsterinsights_sitenote_note":"","_monsterinsights_sitenote_category":0,"footnotes":""},"class_list":["post-88","page","type-page","status-publish","hentry"],"_links":{"self":[{"href":"http:\/\/www.ssms.fi\/index.php?rest_route=\/wp\/v2\/pages\/88","targetHints":{"allow":["GET"]}}],"collection":[{"href":"http:\/\/www.ssms.fi\/index.php?rest_route=\/wp\/v2\/pages"}],"about":[{"href":"http:\/\/www.ssms.fi\/index.php?rest_route=\/wp\/v2\/types\/page"}],"author":[{"embeddable":true,"href":"http:\/\/www.ssms.fi\/index.php?rest_route=\/wp\/v2\/users\/1"}],"replies":[{"embeddable":true,"href":"http:\/\/www.ssms.fi\/index.php?rest_route=%2Fwp%2Fv2%2Fcomments&post=88"}],"version-history":[{"count":20,"href":"http:\/\/www.ssms.fi\/index.php?rest_route=\/wp\/v2\/pages\/88\/revisions"}],"predecessor-version":[{"id":297,"href":"http:\/\/www.ssms.fi\/index.php?rest_route=\/wp\/v2\/pages\/88\/revisions\/297"}],"wp:attachment":[{"href":"http:\/\/www.ssms.fi\/index.php?rest_route=%2Fwp%2Fv2%2Fmedia&parent=88"}],"curies":[{"name":"wp","href":"https:\/\/api.w.org\/{rel}","templated":true}]}}