{"id":58,"date":"2017-05-17T14:52:25","date_gmt":"2017-05-17T11:52:25","guid":{"rendered":"http:\/\/ssms.web35.neutech.fi\/?page_id=58"},"modified":"2017-05-19T18:14:44","modified_gmt":"2017-05-19T15:14:44","slug":"historia","status":"publish","type":"page","link":"http:\/\/www.ssms.fi\/?page_id=58","title":{"rendered":"Historia"},"content":{"rendered":"<p><img loading=\"lazy\" decoding=\"async\" class=\"wp-image-14 alignleft\" src=\"http:\/\/ssms.web35.neutech.fi\/wp-content\/uploads\/2017\/05\/ssms_logo-300x293.png\" alt=\"\" width=\"131\" height=\"128\" srcset=\"http:\/\/www.ssms.fi\/wp-content\/uploads\/2017\/05\/ssms_logo-300x293.png 300w, http:\/\/www.ssms.fi\/wp-content\/uploads\/2017\/05\/ssms_logo.png 500w\" sizes=\"auto, (max-width: 131px) 100vw, 131px\" \/><\/p>\n<p>Sis\u00e4-Suomen Mets\u00e4stysseura ry perustettiin ajankohtaan, mik\u00e4 oli monella el\u00e4m\u00e4n alalla, my\u00f6s mets\u00e4styksess\u00e4, suurten murrosten aikaa. Perustusvuonna oli mets\u00e4styksell\u00e4 viel\u00e4 jonkinlainen taloudellinen merkitys sivuelinkeinona ja mets\u00e4st\u00e4j\u00e4n kunnia asiana oli saada mahdollisimman paljon riistaa. Saalistajamets\u00e4st\u00e4j\u00e4\u00e4 ihannoitiin, sit\u00e4 pidettiin taitavana ja mets\u00e4styskoirien hyvyys oli suoraan verrannollinen repun painoon mets\u00e4stysp\u00e4iv\u00e4n p\u00e4\u00e4ttyess\u00e4.<\/p>\n<p>Oli kuitenkin olemassa toisenlaisiakin mets\u00e4st\u00e4ji\u00e4, jotka halusivat mets\u00e4styksen jatkuvuuden ja riistakantojen s\u00e4ilyvyyden turvaamista ja saalistajan sijaan monipuolisempaa &#8221;er\u00e4miest\u00e4&#8221; sek\u00e4 j\u00e4rjest\u00e4ytynytt\u00e4 mets\u00e4styst\u00e4.<\/p>\n<p>Lokakuun 6. vuonna 1926 kokoontui Jyv\u00e4skyl\u00e4ss\u00e4 Vapaudenkadulla sijainneeseen Santalan kahvilaan 16 paikallista er\u00e4miest\u00e4 mm. kellosepp\u00e4 Kustaa Rajam\u00e4ki, hioja Axel Porras (F\u00e4fli), teknikko Yrj\u00f6 Nuora, urkutehtailija Seppo Halonen, Toivo Takala, Sten Ylist\u00f6, Gaabro N\u00e4rhi, Heikki Halonen, Kauno Karhusaari, perustamaan uutta mets\u00e4stysseuraa.<\/p>\n<p>T\u00e4ss\u00e4 kokouksessa perustetulle seuralle annettiin nimeksi Sis\u00e4-Suomen Mets\u00e4stysseura, mik\u00e4 p\u00e4\u00e4tettiin rekister\u00f6id\u00e4 ja seuran toimintaperiaatteiksi hyv\u00e4ksyttiin seuraavat periaatteet:<\/p>\n<ol>\n<li>Seura on ep\u00e4poliittinen.<\/li>\n<li>Seuran j\u00e4seniksi voivat p\u00e4\u00e4st\u00e4 kaikki kunnon kansalaiset ammattiin, asemaan tai poliittiseen kantaan katsomatta.<\/li>\n<li>J\u00e4senten seuralle suoritettavat maksut pidet\u00e4\u00e4n mahd. alhaisina, k\u00e4ytt\u00e4m\u00e4ll\u00e4 varojen hankkimiseen sopivaksi hyv\u00e4ksyttyj\u00e4 keinoja.<\/li>\n<li>Toiminta tulee olla monipuolista.<\/li>\n<li>Mets\u00e4styksen jatkuvuus ja riistakantojen s\u00e4ilyvyys on turvattava.<\/li>\n<li>Riistanhoitoty\u00f6 tulee olla riitt\u00e4v\u00e4n tehokkaasta.<\/li>\n<li>Seuran ja sen j\u00e4senten edesottamukset tulee olla j\u00e4rjest\u00e4ytyneen mets\u00e4stysseuratoiminnan arvon mukaista.<\/li>\n<\/ol>\n<p>Voidaan todeta, ett\u00e4 Sis\u00e4-Suomen Mets\u00e4stysseuran toiminta on ollut koko olemassaolonsa ajan niiden periaatteiden mukaista, mitk\u00e4 sille perustavassa kokouksessa hyv\u00e4ksyttiin.<\/p>\n<p>Seura merkittiin yhdistysrekisteriin helmikuun 11.1928, rekisterinumerolla 14 178. Ensimm\u00e4isen\u00e4 puheenjohtajana toimi Kustaa Rajam\u00e4ki ja sihteerin\u00e4 Toivo Takala.Pyrkimys vaikuttaa my\u00f6s j\u00e4senist\u00f6n asennekasvatukseen kuvaa hyvin vuonna 1938 vuosikokouksessa tehty p\u00e4\u00e4t\u00f6s: &#8221;P\u00e4\u00e4tettiin hankkia seuralle riitt\u00e4v\u00e4 m\u00e4\u00e4r\u00e4 mets\u00e4styslaki- ja asetusjulkaisuja, jotka p\u00e4\u00e4tettiin jakaa kaikille seuran j\u00e4senille, velvoittaen j\u00e4senet tarkoin tutustumaan mainittuun lakiin ja sit\u00e4 t\u00e4ydent\u00e4viin asetuksiin, uhalla ett\u00e4 jos pienikin rikkomus todetaan, joutuu rikkoja heti erotetuksi seuran j\u00e4senyydest\u00e4 ja vastamaan oikeudessa rikoksesta&#8221;.<\/p>\n<p>Seurassa on j\u00e4seni\u00e4 t\u00e4ll\u00e4 hetkell\u00e4 217, joista 16 naista ja 201 miest\u00e4. J\u00e4senten joukossa on kaksi nuorisoj\u00e4sent\u00e4. Seuran nykyiset s\u00e4\u00e4nn\u00f6t on hyv\u00e4ksytty vuonna 2017. Seuran merkin on suunnitellut Aarno Liuksiala vuonna 1966. Samana vuona hyv\u00e4ksyttiin my\u00f6s seuran rintamerkki, sek\u00e4 ansiomerkin ett\u00e4 viirin s\u00e4\u00e4nn\u00f6t.<\/p>\n<p>Seuralla on mets\u00e4stysmaita k\u00e4yt\u00f6ss\u00e4 6395 ha.<\/p>\n<p>Seuran omistuksessa on mets\u00e4stysmaja\u00a0Karstulassa Peuralammella. Peuralammen k\u00e4mpp\u00e4, sijaitsee mets\u00e4stysmaiden keskell\u00e4. Se ostettiin vuonna 2000 mets\u00e4hallitukselta.<\/p>\n<p>Sis\u00e4-Suomen mets\u00e4stysseura oli jo perustettaessa hyvin kennelmielinen. Seuran j\u00e4senill\u00e4 oli jo tuolloin hyvi\u00e4 ajo- ja pystykorvakoiria joten kennelty\u00f6lle seuralla oli hyv\u00e4t edellytykset. Ajokoiratoiminta on seuralla jatkunut alkuajoista l\u00e4htien, mutta pystykorvatoiminnassa ollaan siirrytty lintuja haukkuvista koirista hirvenmets\u00e4styksess\u00e4 k\u00e4ytett\u00e4viin erirotuisiin pystykorvakoirarotuihin. Lintumets\u00e4styksess\u00e4 k\u00e4ytet\u00e4\u00e4n t\u00e4n\u00e4 p\u00e4iv\u00e4n\u00e4 p\u00e4\u00e4asiallisesti seisovia koirarotuja. Niit\u00e4 on seuran j\u00e4senill\u00e4 kahdeksan eri koirarotua k\u00e4yt\u00f6ss\u00e4. Merkille on pantava, ett\u00e4 seuran j\u00e4senten koirat on my\u00f6s esitetty n\u00e4yttelyiss\u00e4 ja kokeissa ja menestyst\u00e4 on tullut, jopa Suomen mestaruuksia my\u00f6ten.<\/p>\n<p>Mets\u00e4stys on alkuvuosista, jolloin se oli pelk\u00e4st\u00e4\u00e4n pienriistamets\u00e4styst\u00e4, muuttunut ja tulee varmasti tulevina vuosina yh\u00e4 enemm\u00e4n painottumaan sorkkael\u00e4inten mets\u00e4stykseksi. Ensimm\u00e4inen yhden hirven hirvilupa saatiin 1938 ja se oli vain 10 p\u00e4iv\u00e4\u00e4 voimassa. Nyky\u00e4\u00e4n kaadetaan seuran alueilta melkein 30 hirve\u00e4. My\u00f6s mets\u00e4kauris on levitt\u00e4ytynyt seuran alueille ja on varmasti tulevien vuosien aikana mets\u00e4styskohteena. Mainita voi my\u00f6s, ett\u00e4 syksyll\u00e4 2005 saatiin ensimm\u00e4ist\u00e4 kertaa seuran historiassa Peuralammen alueelle 2 kpl mets\u00e4peuran kaatolupia ja ne my\u00f6s k\u00e4ytettiin. Ensimm\u00e4inen mets\u00e4peura kaatui seuran alueilla 27.11.2005<\/p>\n<p>My\u00f6s riistanhoitoon on seura panostanut alkuajoista l\u00e4htien. Riistanhoitoon on k\u00e4ytetty kulloinkin hyv\u00e4ksi havaitut menetelm\u00e4t, paljon talkooty\u00f6t\u00e4 sek\u00e4 rahaa. Alkuaikoina riistanhoito oli p\u00e4\u00e4asiallisesti vahinkoel\u00e4inten pyynti\u00e4. 60-luvulta l\u00e4htien on seuralla ollut saaliskiinti\u00f6t k\u00e4yt\u00f6ss\u00e4. My\u00f6skin 60-luvulla aloitettiin ruokkimaan mets\u00e4kanalintuja, pohjanmaalla saatujen kokemuksien perusteella. Kanalintujen ruokinta saavutti huippunsa 80-luvulla, jolloin meni parhaimmillaan noin 3500kg viljaa talvessa ja ruokintapaikoilla saattoi olla jopa n. 200 lintujen parvet. My\u00f6s j\u00e4niksille on tarjottua hein\u00e4\u00e4 kymmeniss\u00e4 kohteissa. Riistapellot on viljelty monnissa lohkoissa ja sato on k\u00e4ytetty riistan ruokinnassa. Pienpetojen kantojen voimakas nousu viime vuosikymmenien aikana pakottaa seuraa ja seuran j\u00e4seni\u00e4 tulevina vuosina panostamaan voimakkaasti niiden pyyntiin.<\/p>\n<p>Suunnitelmallinen ty\u00f6 mets\u00e4styksen edellytysten s\u00e4ilytt\u00e4misen eteen vaatii meilt\u00e4 seurana ja mets\u00e4st\u00e4jin\u00e4 melkoisia ponnistuksia, mutta se on meid\u00e4n velvollisuutemme ja my\u00f6s oikeutemme. Kun me kaikki teemme osuutemme, olemme Sis\u00e4-Suomen Mets\u00e4stysseurana tehneet voitavamme ja Sis\u00e4-Suomen Mets\u00e4stysseuran j\u00e4senen\u00e4 lunastaneet itsellemme oikeuden harrastaa mets\u00e4styst\u00e4!<\/p>\n","protected":false},"excerpt":{"rendered":"<p>Sis\u00e4-Suomen Mets\u00e4stysseura ry perustettiin ajankohtaan, mik\u00e4 oli monella el\u00e4m\u00e4n alalla, my\u00f6s mets\u00e4styksess\u00e4, suurten murrosten aikaa. Perustusvuonna oli mets\u00e4styksell\u00e4 viel\u00e4 jonkinlainen taloudellinen merkitys sivuelinkeinona ja mets\u00e4st\u00e4j\u00e4n kunnia asiana oli saada mahdollisimman paljon riistaa. Saalistajamets\u00e4st\u00e4j\u00e4\u00e4 ihannoitiin, sit\u00e4 pidettiin taitavana ja mets\u00e4styskoirien hyvyys&hellip; <\/p>\n","protected":false},"author":1,"featured_media":133,"parent":0,"menu_order":0,"comment_status":"closed","ping_status":"closed","template":"","meta":{"_monsterinsights_skip_tracking":false,"_monsterinsights_sitenote_active":false,"_monsterinsights_sitenote_note":"","_monsterinsights_sitenote_category":0,"footnotes":""},"class_list":["post-58","page","type-page","status-publish","has-post-thumbnail","hentry"],"_links":{"self":[{"href":"http:\/\/www.ssms.fi\/index.php?rest_route=\/wp\/v2\/pages\/58","targetHints":{"allow":["GET"]}}],"collection":[{"href":"http:\/\/www.ssms.fi\/index.php?rest_route=\/wp\/v2\/pages"}],"about":[{"href":"http:\/\/www.ssms.fi\/index.php?rest_route=\/wp\/v2\/types\/page"}],"author":[{"embeddable":true,"href":"http:\/\/www.ssms.fi\/index.php?rest_route=\/wp\/v2\/users\/1"}],"replies":[{"embeddable":true,"href":"http:\/\/www.ssms.fi\/index.php?rest_route=%2Fwp%2Fv2%2Fcomments&post=58"}],"version-history":[{"count":11,"href":"http:\/\/www.ssms.fi\/index.php?rest_route=\/wp\/v2\/pages\/58\/revisions"}],"predecessor-version":[{"id":136,"href":"http:\/\/www.ssms.fi\/index.php?rest_route=\/wp\/v2\/pages\/58\/revisions\/136"}],"wp:featuredmedia":[{"embeddable":true,"href":"http:\/\/www.ssms.fi\/index.php?rest_route=\/wp\/v2\/media\/133"}],"wp:attachment":[{"href":"http:\/\/www.ssms.fi\/index.php?rest_route=%2Fwp%2Fv2%2Fmedia&parent=58"}],"curies":[{"name":"wp","href":"https:\/\/api.w.org\/{rel}","templated":true}]}}