{"id":37,"date":"2017-05-17T13:44:56","date_gmt":"2017-05-17T10:44:56","guid":{"rendered":"http:\/\/ssms.web35.neutech.fi\/?page_id=37"},"modified":"2025-08-14T09:07:39","modified_gmt":"2025-08-14T06:07:39","slug":"metsastyssaannot","status":"publish","type":"page","link":"http:\/\/www.ssms.fi\/?page_id=37","title":{"rendered":"Mets\u00e4styss\u00e4\u00e4nn\u00f6t"},"content":{"rendered":"<h1>SSMS:N METS\u00c4STYSS\u00c4\u00c4NT\u00d6 2025-2026<\/h1>\n<p>P\u00e4ivitetty 13.8.2025 kokouksessa 7.8.2024 p\u00e4\u00e4tetyn mukaisesti<\/p>\n<p>Sis\u00e4-Suomen mets\u00e4stysseuran \u00a0mets\u00e4styss\u00e4\u00e4nn\u00f6ist\u00e4 p\u00e4\u00e4tet\u00e4\u00e4n vuosittain seuran kes\u00e4kokouksessa, joka pidet\u00e4\u00e4n s\u00e4\u00e4nt\u00f6jen mukaan touko-elokuun aikana.<\/p>\n<h2>Vierasluvat<\/h2>\n<ul>\n<li>Vierasluvalla ei saa mets\u00e4st\u00e4\u00e4 fasaaneja.<\/li>\n<li>Vieraslupia my\u00f6nnet\u00e4\u00e4n enint\u00e4\u00e4n 2 kpl\/j\u00e4sen koskien kanalintujen mets\u00e4styst\u00e4 ja 4 kpl\/j\u00e4sen koskien j\u00e4niksen ja kyyhkyn mets\u00e4styst\u00e4.<\/li>\n<li>Vieraskortti 20,00 euroa \/ vrk. Maksu ennen pyynti\u00e4. Viestikentt\u00e4\u00e4n is\u00e4nn\u00e4n ja vieraan nimi sek\u00e4 p\u00e4iv\u00e4m\u00e4\u00e4r\u00e4+klo koska pyynti alkaa.<\/li>\n<li>Vieraslupa, joka koskee vain pienpetojen pyynti\u00e4, on 5\u20ac \/ kausi seuran j\u00e4senen vieraana.<\/li>\n<li>Pienpetopyynniss\u00e4 voi olla vieraita kerrallaan 3 henkil\u00f6\u00e4. Seuran j\u00e4sen opastaa vieraitaan seuran mets\u00e4stysalueista ja s\u00e4\u00e4nn\u00f6ist\u00e4.<\/li>\n<li>Is\u00e4nn\u00e4n on oltava vieraan mukana kaikissa tilanteissa<\/li>\n<li>Maksut aina ennen pyynti\u00e4<\/li>\n<li>Vieras mets\u00e4st\u00e4\u00e4 is\u00e4nn\u00e4n kiinti\u00f6\u00f6n<\/li>\n<\/ul>\n<p>Rauta- ter\u00e4s- ja kovien wolframihaulit on sallittu SSMS:n mets\u00e4stysalueilla, ellei maanvuokrasopimuksissa muuta mainita.<br \/>\nHirven mets\u00e4stysoikeus on annettu Savio-Puttolan alueella Puttolan hirviseurueelle, Toivakan alueella Heiskan hirviseurueelle. Luvanvaraisten hirviel\u00e4inten ja suurpetojen mets\u00e4stysoikeus annetaan Karstulan alueella Peuralammen hirviseurueelle. Pet\u00e4j\u00e4veden lohkolla hirvenmets\u00e4stysoikeus on annettu Pet\u00e4j\u00e4veden hirvimiehill\u00e4.<\/p>\n<p>Lyijyhaulikieltoalueet l\u00f6ytyy Maanmittauslaitoksen nettisivulta: <a href=\"https:\/\/hkp.maanmittauslaitos.fi\/hkp\/published\/fi\/de4efb08-df55-4c9e-b4e6-4feac634e82e\">https:\/\/hkp.maanmittauslaitos.fi\/hkp\/published\/fi\/de4efb08-df55-4c9e-b4e6-4feac634e82e<\/a><\/p>\n<p><b>Lyijyhaulikieltoalueet saa nyky\u00e4\u00e4n lis\u00e4tty\u00e4 Oma riista -sovellukseen!<\/b><\/p>\n<h2>Saaliskiinti\u00f6t<\/h2>\n<p>Saaliskiinti\u00f6 on 20 pistett\u00e4\/j\u00e4sen, joita 13 pistett\u00e4 voi k\u00e4ytt\u00e4\u00e4 kanalintujen mets\u00e4stykseen.<\/p>\n<ul>\n<li style=\"list-style-type: none;\">\n<ul>Riistakohtainen pisteytys:<\/p>\n<li>Metso 9p. 1\/j\u00e4sen<\/li>\n<li>Teeri 4p.<\/li>\n<li>Pyy 2p.<\/li>\n<li>Mets\u00e4hanhi 6p.<\/li>\n<li>J\u00e4nis 2p.<\/li>\n<li>Muut vesilinnut ja linturiista 0p.<\/li>\n<li>Pienpedot ja turkisriista -2p, Maksimi -20p.\u00a0Ansaituista (maksimi -20p) pisteist\u00e4 puolet voi k\u00e4ytt\u00e4\u00e4 kanalintuihin.<\/li>\n<li>Fasaani 1 \/j\u00e4sen<\/li>\n<li>Mets\u00e4kauris 2\/j\u00e4sen, seurakohtainen aluekiinti\u00f6 seuraavasti: pohjoinen alue 15 kaurista \/ kausi, etel\u00e4inen alue 10 kaurista \/ kausi. Pohjoinen alue kattaa Karstulan, Soinin ja Kyyj\u00e4rven alueet. Etel\u00e4inen alue kattaa Laukaan, Jyv\u00e4skyl\u00e4n, Toivakan ja Pet\u00e4j\u00e4veden alueet. Johtokunta yll\u00e4pit\u00e4\u00e4 seuran verkkosivuilla kiinti\u00f6iden j\u00e4ljell\u00e4 olevaa m\u00e4\u00e4r\u00e4\u00e4. Tarkista kauriskiinti\u00f6n tilanne ennen jahtia ja ilmoita saalis johtokunnalle sek\u00e4 riistakeskukselle.<\/li>\n<\/ul>\n<h2>Rauhoitusalueet<\/h2>\n<ul>\n<li>Marjoranta 4:540, alueella ei my\u00f6sk\u00e4\u00e4n saa kouluttaa koiraa.<\/li>\n<li>Peuralammella koppelo rauhoitettu seuraavilla alueilla: 5:148, 5:149, 5:166 ja 5:167.<\/li>\n<\/ul>\n<h2>Kosteikko<\/h2>\n<p>Johtokunnan suositus on, ett\u00e4 mets\u00e4stys kosteikolla on maltillista vakiintuneen vesilintukannan aikaansaamiseksi.<\/p>\n<ul>\n<li>Veteen ei saa ampua (haavakon lopetus veteen sallittu)<\/li>\n<li>Kiinti\u00f6 kosteikolla 1 hein\u00e4sorsa \/ j\u00e4sen<\/li>\n<li>Mets\u00e4stys kosteikolla vesilintujen osalta alkaa 20.8 klo 12.00<\/li>\n<\/ul>\n<h2>Mets\u00e4kauriin rauhoitusalueet:<\/h2>\n<ul>\n<li>Majala 4:561, 4:577<\/li>\n<li>Uusi V\u00e4stinki 4:178<\/li>\n<li>Vanhakorpi 4:554<\/li>\n<\/ul>\n<p>Pyyd\u00e4 kartta maavoudilta. SSMS:n kartat l\u00f6ytyv\u00e4t my\u00f6s Oma Riista -palvelusta.<\/p>\n<h2>Lajikohtaiset rauhoitukset<\/h2>\n<p>Suositellaan kanalintunaaraiden rauhoittamista.<br \/>\nRiistakeskuksen m\u00e4\u00e4rittelem\u00e4t lajikohtaiset rauhoitukset, katso www.riista.fi.<\/p>\n<h2>Poikkeuksia rauhoituss\u00e4\u00e4nt\u00f6ihin<\/h2>\n<ul>\n<li>Koirakokeita voidaan pit\u00e4\u00e4 rauhoitusalueilla.<\/li>\n<li>Koiraa voidaan kouluttaa, lain sallimissa puitteissa, mets\u00e4stysajan ulkopuolella, my\u00f6s rauhoitusalueilla,\u00a0lukuunottamatta Marjoranta 4:540.<\/li>\n<li>Seurataan my\u00f6s mahd. tiedotuksia mets\u00e4styskauden aikana!<\/li>\n<\/ul>\n<h2>Muut s\u00e4\u00e4nn\u00f6kset<\/h2>\n<ul>\n<li>Noudatetaan lakeja, asetuksia ja vuokralleantajien kanssa tehtyj\u00e4 sopimuksia.<\/li>\n<li>Kysy maavoudilta\/johtokunnalta lupa riistakameroihin,\u00a0riistan ruokintaan, ruokintarakennelmiin ja loukkuihin.<\/li>\n<li>Seuran nimiin ei voi hankkia mit\u00e4\u00e4n, ilman johtokunnan lupaa eik\u00e4 suunnitellun budjetin ulkopuolelta.<\/li>\n<\/ul>\n<\/li>\n<\/ul>\n","protected":false},"excerpt":{"rendered":"<p>SSMS:N METS\u00c4STYSS\u00c4\u00c4NT\u00d6 2025-2026 P\u00e4ivitetty 13.8.2025 kokouksessa 7.8.2024 p\u00e4\u00e4tetyn mukaisesti Sis\u00e4-Suomen mets\u00e4stysseuran \u00a0mets\u00e4styss\u00e4\u00e4nn\u00f6ist\u00e4 p\u00e4\u00e4tet\u00e4\u00e4n vuosittain seuran kes\u00e4kokouksessa, joka pidet\u00e4\u00e4n s\u00e4\u00e4nt\u00f6jen mukaan touko-elokuun aikana. Vierasluvat Vierasluvalla ei saa mets\u00e4st\u00e4\u00e4 fasaaneja. Vieraslupia my\u00f6nnet\u00e4\u00e4n enint\u00e4\u00e4n 2 kpl\/j\u00e4sen koskien kanalintujen mets\u00e4styst\u00e4 ja 4 kpl\/j\u00e4sen koskien&hellip; <\/p>\n","protected":false},"author":1,"featured_media":0,"parent":0,"menu_order":0,"comment_status":"closed","ping_status":"closed","template":"","meta":{"_monsterinsights_skip_tracking":false,"_monsterinsights_sitenote_active":false,"_monsterinsights_sitenote_note":"","_monsterinsights_sitenote_category":0,"footnotes":""},"class_list":["post-37","page","type-page","status-publish","hentry"],"_links":{"self":[{"href":"http:\/\/www.ssms.fi\/index.php?rest_route=\/wp\/v2\/pages\/37","targetHints":{"allow":["GET"]}}],"collection":[{"href":"http:\/\/www.ssms.fi\/index.php?rest_route=\/wp\/v2\/pages"}],"about":[{"href":"http:\/\/www.ssms.fi\/index.php?rest_route=\/wp\/v2\/types\/page"}],"author":[{"embeddable":true,"href":"http:\/\/www.ssms.fi\/index.php?rest_route=\/wp\/v2\/users\/1"}],"replies":[{"embeddable":true,"href":"http:\/\/www.ssms.fi\/index.php?rest_route=%2Fwp%2Fv2%2Fcomments&post=37"}],"version-history":[{"count":26,"href":"http:\/\/www.ssms.fi\/index.php?rest_route=\/wp\/v2\/pages\/37\/revisions"}],"predecessor-version":[{"id":938,"href":"http:\/\/www.ssms.fi\/index.php?rest_route=\/wp\/v2\/pages\/37\/revisions\/938"}],"wp:attachment":[{"href":"http:\/\/www.ssms.fi\/index.php?rest_route=%2Fwp%2Fv2%2Fmedia&parent=37"}],"curies":[{"name":"wp","href":"https:\/\/api.w.org\/{rel}","templated":true}]}}