{"id":325,"date":"2018-03-17T15:02:00","date_gmt":"2018-03-17T13:02:00","guid":{"rendered":"http:\/\/www.ssms.fi\/?page_id=325"},"modified":"2026-01-23T16:43:31","modified_gmt":"2026-01-23T14:43:31","slug":"maksut","status":"publish","type":"page","link":"http:\/\/www.ssms.fi\/?page_id=325","title":{"rendered":"Maksut"},"content":{"rendered":"<ul>\n<li>Liittymismaksu 250\u20ac<\/li>\n<li>J\u00e4senmaksu 75\u20ac<\/li>\n<li>Nuorisoj\u00e4senmaksu 10 \u20ac<\/li>\n<li>Riistanhoitomaksu 200 \u20ac (Ei perit\u00e4 jos on suorittanut 8h\/v talkooty\u00f6t\u00e4 seuran hyv\u00e4ksi. Ei perit\u00e4 maanomistajaj\u00e4senilt\u00e4)<\/li>\n<li>Muistutusmaksu karhuamisien yhteydess\u00e4 10 \u20ac<\/li>\n<li>Majoitus Peuralammella vieraalta 5\u20ac\/vrk (Ei sis\u00e4ll\u00e4 mets\u00e4styst\u00e4. Perheenj\u00e4sen ei ole vieras)<\/li>\n<li>Vieraskortti 20\u20ac\/vrk. HUOM! Is\u00e4nn\u00e4n on oltava vieraan mukana! ks. <a href=\"http:\/\/www.ssms.fi\/?page_id=37\">Mets\u00e4styss\u00e4\u00e4nn\u00f6t<\/a><br \/>\nVieraslupa maksetaan seuran tilille FI51 5290 6440 0008 54\u00a0etuk\u00e4teen. Maksukuitti oltava vieraalla mukana. Luvan k\u00e4ytt\u00f6p\u00e4iv\u00e4 ja vieraan nimi merkit\u00e4\u00e4n maksukuittiin<br \/>\nennen mets\u00e4lle l\u00e4ht\u00f6\u00e4. Kaadettu riista v\u00e4hent\u00e4\u00e4 j\u00e4senen saaliskiinti\u00f6t\u00e4, samoin kuin h\u00e4n itse riistan kaataisi. J\u00e4sen on velvollinen ilmoittamaan vieraansa kaataman riistan.<\/li>\n<li>Vieraskortti 5\u20ac\/kausi, joka koskee vain pienpetojen pyynti\u00e4, seuran j\u00e4senen vieraana. Vieraslupa maksetaan seuran tilille FI51 5290 6440 0008 54 etuk\u00e4teen. Maksukuitti on oltava vieraalla mukana.<\/li>\n<li>Kilometrikorvaus johtokunnan kanssa sovituista teht\u00e4vist\u00e4 0,40 \u20ac\/km sek\u00e4 lis\u00e4henkil\u00f6st\u00e4 0,04 \u20ac\/km ja per\u00e4k\u00e4rryst\u00e4 0,10 \u20ac\/km<\/li>\n<\/ul>\n","protected":false},"excerpt":{"rendered":"<p>Liittymismaksu 250\u20ac J\u00e4senmaksu 75\u20ac Nuorisoj\u00e4senmaksu 10 \u20ac Riistanhoitomaksu 200 \u20ac (Ei perit\u00e4 jos on suorittanut 8h\/v talkooty\u00f6t\u00e4 seuran hyv\u00e4ksi. Ei perit\u00e4 maanomistajaj\u00e4senilt\u00e4) Muistutusmaksu karhuamisien yhteydess\u00e4 10 \u20ac Majoitus Peuralammella vieraalta 5\u20ac\/vrk (Ei sis\u00e4ll\u00e4 mets\u00e4styst\u00e4. Perheenj\u00e4sen ei ole vieras) Vieraskortti 20\u20ac\/vrk.&hellip; <\/p>\n","protected":false},"author":1,"featured_media":0,"parent":0,"menu_order":0,"comment_status":"closed","ping_status":"closed","template":"","meta":{"_monsterinsights_skip_tracking":false,"_monsterinsights_sitenote_active":false,"_monsterinsights_sitenote_note":"","_monsterinsights_sitenote_category":0,"footnotes":""},"class_list":["post-325","page","type-page","status-publish","hentry"],"_links":{"self":[{"href":"http:\/\/www.ssms.fi\/index.php?rest_route=\/wp\/v2\/pages\/325","targetHints":{"allow":["GET"]}}],"collection":[{"href":"http:\/\/www.ssms.fi\/index.php?rest_route=\/wp\/v2\/pages"}],"about":[{"href":"http:\/\/www.ssms.fi\/index.php?rest_route=\/wp\/v2\/types\/page"}],"author":[{"embeddable":true,"href":"http:\/\/www.ssms.fi\/index.php?rest_route=\/wp\/v2\/users\/1"}],"replies":[{"embeddable":true,"href":"http:\/\/www.ssms.fi\/index.php?rest_route=%2Fwp%2Fv2%2Fcomments&post=325"}],"version-history":[{"count":12,"href":"http:\/\/www.ssms.fi\/index.php?rest_route=\/wp\/v2\/pages\/325\/revisions"}],"predecessor-version":[{"id":948,"href":"http:\/\/www.ssms.fi\/index.php?rest_route=\/wp\/v2\/pages\/325\/revisions\/948"}],"wp:attachment":[{"href":"http:\/\/www.ssms.fi\/index.php?rest_route=%2Fwp%2Fv2%2Fmedia&parent=325"}],"curies":[{"name":"wp","href":"https:\/\/api.w.org\/{rel}","templated":true}]}}