{"id":305,"date":"2018-02-13T19:18:14","date_gmt":"2018-02-13T17:18:14","guid":{"rendered":"http:\/\/www.ssms.fi\/?page_id=305"},"modified":"2018-02-13T19:18:14","modified_gmt":"2018-02-13T17:18:14","slug":"ssms-rintamerkkien-ja-viirin-saannot","status":"publish","type":"page","link":"http:\/\/www.ssms.fi\/?page_id=305","title":{"rendered":"SSMS rintamerkkien ja viirin s\u00e4\u00e4nn\u00f6t"},"content":{"rendered":"<p>SIS\u00c4-SUOMEN METS\u00c4STYSSEURA\u00a0RY:N RINTAMERKKIEN S\u00c4\u00c4NN\u00d6T<br \/>\nSis\u00e4-Suomen Mets\u00e4stysseura ry:ll\u00e4 on kolmenlaisia (3), rintamerkkej\u00e4:<br \/>\n1. j\u00e4senmerkki<br \/>\n2. ansiomerkki<br \/>\n3. kultainen ansiomerkki<br \/>\nJ\u00e4senmerkki<br \/>\non hopeasta valmistettu ja sen kuvion muodostaa: Keskikuviona lent\u00e4v\u00e4n linnun kuva,<br \/>\nyl\u00e4reunassa kirjaimet S.S.M.S, ja alareunassa kaksi (2) mets\u00e4stysampuma-asetta, jotka ristiss\u00e4<br \/>\npiiput viistosti yl\u00f6sp\u00e4in, vuosiluku 1926 on linnun ja aseitten v\u00e4liss\u00e4 sek\u00e4 merkin reunassa<br \/>\nhavuseppeleet.<br \/>\nAnsiomerkki<br \/>\non muuten samanlainen kuin j\u00e4senmerkkikin, paitsi, ett\u00e4, merkin keskikuviona oleva linnun kuva<br \/>\non kullattu.<br \/>\nKultainen ansiomerkki<br \/>\non muuten samanlainen kuin j\u00e4senmerkki, mutta se on kokonaan kullattu.<br \/>\nJ\u00e4senmerkin saa jokainen seuran j\u00e4sen ostaa johtokunnan kulloinkin vahvistamalla hinnalla.<br \/>\nMy\u00f6skin seuraan kuulumattomalle henkil\u00f6lle saadaan merkki luovuttaa johtokunnan<br \/>\nyksimielisell\u00e4 p\u00e4\u00e4t\u00f6ksell\u00e4, kunnian tai huomionosoituksena seuraamme my\u00f6t\u00e4mielisesti<br \/>\nsuhtautuneille. Viimeksi mainituille henkil\u00f6ille merkki on maksuton ja pidet\u00e4\u00e4n merkin saajista<br \/>\nluetteloa.<br \/>\nAnsiomerkin, joka voidaan antaa vain seuran j\u00e4senelle tai entiselle seuran j\u00e4senelle, antamisesta<br \/>\np\u00e4\u00e4tt\u00e4\u00e4 johtokunta \u00e4\u00e4nten enemmist\u00f6ll\u00e4.<br \/>\nMerkkej\u00e4 jaetaan johtokunnan harkinnan mukainen lukum\u00e4\u00e4r\u00e4 kerrallaan seuran<br \/>\nvuosikokouksissa tai muissa seuran juhlatilaisuuksissa<br \/>\nMerkin yleisin\u00e4 jakoperusteina on, ett\u00e4 henkil\u00f6 on ollut seuran j\u00e4senen\u00e4 v\u00e4hint\u00e4\u00e4n 5 vuotta ja on<br \/>\nottanut aktiivisesti osaa seuratoimintaan, ja ett\u00e4 h\u00e4n on: joko:<br \/>\n1. toiminut tunnollisesti seuran virkailijana, tai johtokunnan j\u00e4senen\u00e4, taikka,<br \/>\n2. suorittanut menestyksellisesti muita luottamusteht\u00e4vi\u00e4, taikka<br \/>\n3. suorittanut runsaasti erilaisia seuratoiminnan teht\u00e4vi\u00e4.<br \/>\nKultaisen ansiomerkin, joka voidaan antaa vain seuran j\u00e4senelle tai entiselle j\u00e4senelle,<br \/>\nantamisesta p\u00e4\u00e4tt\u00e4\u00e4 johtokunta ja on p\u00e4\u00e4t\u00f6ksen oltava yksimielinen. Merkin yleisin\u00e4<br \/>\njakoperusteina on:<br \/>\n1. ett\u00e4 henkil\u00f6 on ollut seuran j\u00e4senen\u00e4 v\u00e4hint\u00e4\u00e4n 15 vuotta<br \/>\n2. ett\u00e4 henkil\u00f6lle on aikaisemmin annettu ansiomerkki<br \/>\n3. ja ett\u00e4 h\u00e4n t\u00e4m\u00e4n lis\u00e4ksi on joko<br \/>\n1. hyvin pitk\u00e4aikaisesti ja menestyksellisesti toiminut seuran virkailijana johtokunnan<br \/>\nj\u00e4senen\u00e4 tai erilaisissa luottamusteht\u00e4viss\u00e4, taikka<br \/>\n2. suorittanut muita eritt\u00e4in suuriarvoisia teht\u00e4vi\u00e4 seuran hyv\u00e4ksi.<br \/>\nAnsiomerkki ja kultainen ansiomerkki luovutetaan lunastuksetta ja niiden saajista pidet\u00e4\u00e4n<br \/>\nluetteloa.<br \/>\nSIS\u00c4-SUOMEN METS\u00c4STYSSEURA RY:N VIIRIN SAANN\u00d6T<br \/>\nSis\u00e4-Suomen Mets\u00e4stysseura ry :ll\u00e4 on &#8221;p\u00f6yt\u00e4viiri&#8221; jonka kuviona on vihre\u00e4 mets\u00e4aiheinen<br \/>\npohja, keskiviivan yl\u00e4puolella tunnuksena seuran merkki, sahalaitaisen alareunan kummassakin<br \/>\nsivussa tupsu, ja viiri on kiinnitetty tankoon niin ett\u00e4 se riippuu pystyasennossa.<br \/>\nViiri voidaan antaa kunnian- tai huomionosoituksena<br \/>\n1. seuratoimintaamme sivuaville ja seuraamme my\u00f6t\u00e4mielisesti suhtautuville j\u00e4rjest\u00f6ille ja<br \/>\nseuroille tai yksityisille henkil\u00f6ille<br \/>\n2. seuratoiminnassa ansioituneelle S.S.M.S:n j\u00e4senelle.<br \/>\nViiri annetaan maksutta ja sen antamisesta p\u00e4\u00e4tt\u00e4\u00e4 seuran johtokunta ja on p\u00e4\u00e4t\u00f6ksen oltava<br \/>\nyksimielinen.<br \/>\nViirin antamisen yleiset edellytykset ovat:<br \/>\nJ\u00e4rjest\u00f6ille jne. annettavan viirin antamisen ratkaisee kussakin yksitt\u00e4istapauksessa johtokunta<br \/>\nhuomioon ottamalla edell\u00e4 olevat m\u00e4\u00e4r\u00e4ykset.<br \/>\nSeuran j\u00e4senelle annettavan viirin:<br \/>\nett\u00e4,<br \/>\n1. henkil\u00f6 on tai on ollut seuramme j\u00e4sen v\u00e4hint\u00e4\u00e4n viisitoista (15) vuotta<br \/>\n2. henkil\u00f6 on v\u00e4hint\u00e4\u00e4n 50-vuotias. Kuitenkin viiri voidaan antaa alle 50-vuotiaallekin, jos<br \/>\nmuut viirin antamiseen vaikuttavat edellytykset ovat olemassa, ja henkil\u00f6n on<br \/>\nvet\u00e4ydytt\u00e4v\u00e4 h\u00e4nest\u00e4 johtumattomasta syyst\u00e4 syrj\u00e4\u00e4n seuratoiminnastamme. T\u00e4llaisina<br \/>\nsyin\u00e4 on pidett\u00e4v\u00e4 vaikeaa sairautta, paikkakunnalta poismuuttoa yms.<br \/>\n3. sek\u00e4 henkil\u00f6 on joko hyvin pitk\u00e4aikaisesti ja menestyksellisesti toiminut seuran<br \/>\nvirkailijana, johtokunnan j\u00e4senen\u00e4 tai erilaisissa luottamusteht\u00e4viss\u00e4, taikka suorittanut<br \/>\nmuita eritt\u00e4in suuriarvoisia teht\u00e4vi\u00e4 seuran hyv\u00e4ksi.<br \/>\nSis\u00e4-Suomen Mets\u00e4stysseura ry:n rintamerkkien ja viirien s\u00e4\u00e4nn\u00f6t hyv\u00e4ksytty vuonna 1966.<br \/>\nMuutettu 1987.<\/p>\n","protected":false},"excerpt":{"rendered":"<p>SIS\u00c4-SUOMEN METS\u00c4STYSSEURA\u00a0RY:N RINTAMERKKIEN S\u00c4\u00c4NN\u00d6T Sis\u00e4-Suomen Mets\u00e4stysseura ry:ll\u00e4 on kolmenlaisia (3), rintamerkkej\u00e4: 1. j\u00e4senmerkki 2. ansiomerkki 3. kultainen ansiomerkki J\u00e4senmerkki on hopeasta valmistettu ja sen kuvion muodostaa: Keskikuviona lent\u00e4v\u00e4n linnun kuva, yl\u00e4reunassa kirjaimet S.S.M.S, ja alareunassa kaksi (2) mets\u00e4stysampuma-asetta, jotka ristiss\u00e4&hellip; <\/p>\n","protected":false},"author":1,"featured_media":0,"parent":0,"menu_order":0,"comment_status":"closed","ping_status":"closed","template":"","meta":{"_monsterinsights_skip_tracking":false,"_monsterinsights_sitenote_active":false,"_monsterinsights_sitenote_note":"","_monsterinsights_sitenote_category":0,"footnotes":""},"class_list":["post-305","page","type-page","status-publish","hentry"],"_links":{"self":[{"href":"http:\/\/www.ssms.fi\/index.php?rest_route=\/wp\/v2\/pages\/305","targetHints":{"allow":["GET"]}}],"collection":[{"href":"http:\/\/www.ssms.fi\/index.php?rest_route=\/wp\/v2\/pages"}],"about":[{"href":"http:\/\/www.ssms.fi\/index.php?rest_route=\/wp\/v2\/types\/page"}],"author":[{"embeddable":true,"href":"http:\/\/www.ssms.fi\/index.php?rest_route=\/wp\/v2\/users\/1"}],"replies":[{"embeddable":true,"href":"http:\/\/www.ssms.fi\/index.php?rest_route=%2Fwp%2Fv2%2Fcomments&post=305"}],"version-history":[{"count":1,"href":"http:\/\/www.ssms.fi\/index.php?rest_route=\/wp\/v2\/pages\/305\/revisions"}],"predecessor-version":[{"id":307,"href":"http:\/\/www.ssms.fi\/index.php?rest_route=\/wp\/v2\/pages\/305\/revisions\/307"}],"wp:attachment":[{"href":"http:\/\/www.ssms.fi\/index.php?rest_route=%2Fwp%2Fv2%2Fmedia&parent=305"}],"curies":[{"name":"wp","href":"https:\/\/api.w.org\/{rel}","templated":true}]}}