{"id":119,"date":"2017-05-18T14:33:01","date_gmt":"2017-05-18T11:33:01","guid":{"rendered":"http:\/\/ssms.web35.neutech.fi\/?page_id=119"},"modified":"2025-05-22T10:32:58","modified_gmt":"2025-05-22T07:32:58","slug":"metsastysalueet","status":"publish","type":"page","link":"http:\/\/www.ssms.fi\/?page_id=119","title":{"rendered":"Mets\u00e4stysalueet"},"content":{"rendered":"<p>Sis\u00e4-Suomen Mets\u00e4stysseura ry:ll\u00e4 on mets\u00e4stysalueita Karstulassa Peuralammen alueella, miss\u00e4 sijaitsee my\u00f6s seuran mets\u00e4stysmaja, sek\u00e4 Savio-Puttolan alueella Laukaassa. Pienempi\u00e4 mets\u00e4stysalueita on muun muassa Toivakassa ja Kyyj\u00e4rvell\u00e4 sek\u00e4 koirien koulutus- ja ulkoilutusalue Palokassa.<\/p>\n<p>Kartat on my\u00f6s saatavana Riistakeskuksen Oma riista -palvelusta. Luo ensin itsellesi tunnukset Oma riista -palveluun ja l\u00e4het\u00e4 sen j\u00e4lkeen mets\u00e4st\u00e4j\u00e4numerosi (l\u00f6ytyy mets\u00e4styskortista) johtokunnalle johtokunta@ssms.fi niin p\u00e4\u00e4set k\u00e4ytt\u00e4m\u00e4\u00e4n SSMS:n mets\u00e4stysalueiden karttoja.<a href=\"https:\/\/www.youtube.com\/watch?v=kVYiSv17TDE&amp;index=1&amp;list=PLUMOaUXhQT7Ejfckt5TTLgDkfctfBee_1\"> Ohje tunnusten luomiseen<\/a><\/p>\n<p>Oma riista -palvelun kartat saa n\u00e4kyviin \u00e4lypuhelimeen, jolloin voit seurata omaa sijaintiasi samalta kartalta, miss\u00e4 n\u00e4kyy mets\u00e4stysalueen rajat. <a href=\"https:\/\/riista.fi\/karttaselaimeen-tuki-oma-riista-alueille-yhteistyossa-suomen-riistakeskuksen-kanssa\/\">Ohje.<\/a><\/p>\n","protected":false},"excerpt":{"rendered":"<p>Sis\u00e4-Suomen Mets\u00e4stysseura ry:ll\u00e4 on mets\u00e4stysalueita Karstulassa Peuralammen alueella, miss\u00e4 sijaitsee my\u00f6s seuran mets\u00e4stysmaja, sek\u00e4 Savio-Puttolan alueella Laukaassa. Pienempi\u00e4 mets\u00e4stysalueita on muun muassa Toivakassa ja Kyyj\u00e4rvell\u00e4 sek\u00e4 koirien koulutus- ja ulkoilutusalue Palokassa. Kartat on my\u00f6s saatavana Riistakeskuksen Oma riista -palvelusta. Luo&hellip; <\/p>\n","protected":false},"author":1,"featured_media":0,"parent":0,"menu_order":0,"comment_status":"closed","ping_status":"closed","template":"","meta":{"_monsterinsights_skip_tracking":false,"_monsterinsights_sitenote_active":false,"_monsterinsights_sitenote_note":"","_monsterinsights_sitenote_category":0,"footnotes":""},"class_list":["post-119","page","type-page","status-publish","hentry"],"_links":{"self":[{"href":"http:\/\/www.ssms.fi\/index.php?rest_route=\/wp\/v2\/pages\/119","targetHints":{"allow":["GET"]}}],"collection":[{"href":"http:\/\/www.ssms.fi\/index.php?rest_route=\/wp\/v2\/pages"}],"about":[{"href":"http:\/\/www.ssms.fi\/index.php?rest_route=\/wp\/v2\/types\/page"}],"author":[{"embeddable":true,"href":"http:\/\/www.ssms.fi\/index.php?rest_route=\/wp\/v2\/users\/1"}],"replies":[{"embeddable":true,"href":"http:\/\/www.ssms.fi\/index.php?rest_route=%2Fwp%2Fv2%2Fcomments&post=119"}],"version-history":[{"count":5,"href":"http:\/\/www.ssms.fi\/index.php?rest_route=\/wp\/v2\/pages\/119\/revisions"}],"predecessor-version":[{"id":901,"href":"http:\/\/www.ssms.fi\/index.php?rest_route=\/wp\/v2\/pages\/119\/revisions\/901"}],"wp:attachment":[{"href":"http:\/\/www.ssms.fi\/index.php?rest_route=%2Fwp%2Fv2%2Fmedia&parent=119"}],"curies":[{"name":"wp","href":"https:\/\/api.w.org\/{rel}","templated":true}]}}